{"id":3258,"date":"2022-09-18T21:58:09","date_gmt":"2022-09-18T13:58:09","guid":{"rendered":"http:\/\/www.artificalsky.com\/?page_id=3258"},"modified":"2025-06-12T09:59:36","modified_gmt":"2025-06-12T01:59:36","slug":"return-and-warranty-policy","status":"publish","type":"page","link":"https:\/\/www.artificialsky.tech\/de\/return-and-warranty-policy\/","title":{"rendered":"R\u00fcckgabe- und Garantiebedingungen"},"content":{"rendered":"<div class=\"fusion-fullwidth fullwidth-box fusion-builder-row-1 fusion-flex-container has-pattern-background has-mask-background nonhundred-percent-fullwidth non-hundred-percent-height-scrolling\" style=\"--awb-border-radius-top-left:0px;--awb-border-radius-top-right:0px;--awb-border-radius-bottom-right:0px;--awb-border-radius-bottom-left:0px;--awb-padding-top:0%;--awb-flex-wrap:wrap;\" ><div class=\"fusion-builder-row fusion-row fusion-flex-align-items-flex-start fusion-flex-content-wrap\" style=\"max-width:1320.8px;margin-left: calc(-4% \/ 2 );margin-right: calc(-4% \/ 2 );\"><div class=\"fusion-layout-column fusion_builder_column fusion-builder-column-0 fusion_builder_column_1_1 1_1 fusion-flex-column\" style=\"--awb-bg-size:cover;--awb-width-large:100%;--awb-margin-top-large:25px;--awb-spacing-right-large:1.92%;--awb-margin-bottom-large:25px;--awb-spacing-left-large:1.92%;--awb-width-medium:100%;--awb-order-medium:0;--awb-spacing-right-medium:1.92%;--awb-spacing-left-medium:1.92%;--awb-width-small:100%;--awb-order-small:0;--awb-spacing-right-small:1.92%;--awb-spacing-left-small:1.92%;\"><div class=\"fusion-column-wrapper fusion-column-has-shadow fusion-flex-justify-content-flex-start fusion-content-layout-column\"><div class=\"fusion-title title fusion-title-1 fusion-sep-none fusion-title-center fusion-title-text fusion-title-size-one\" style=\"--awb-margin-top-small:8px;--awb-margin-right-small:0px;--awb-margin-bottom-small:16px;--awb-margin-left-small:0px;\"><h1 class=\"fusion-title-heading title-heading-center fusion-responsive-typography-calculated\" style=\"margin:0;--fontSize:80;line-height:var(--awb-typography1-line-height);\"><header class=\"section-header\">\n<h1 class=\"section-header__title fusion-responsive-typography-calculated\" style=\"--fontsize: 80; line-height: 1.2;\" data-fontsize=\"80\" data-lineheight=\"96px\">R\u00fcckgabe- und Garantiebedingungen<\/h1>\n<\/header>\n<div class=\"rte rte--nomargin\"><\/div><\/h1><\/div><div class=\"fusion-text fusion-text-1\"><p><strong><b>R\u00fcckerstattungs- und R\u00fcckgabebedingungen<\/b><\/strong><\/p>\n<p><strong><b>Stornierung<\/b><\/strong><\/p>\n<p>Wir akzeptieren die Stornierung einer Bestellung innerhalb von 12 Stunden nach der Bestellung. Wenn die Bestellung storniert wird, erhalten Sie innerhalb von 2-3 Tagen eine vollst\u00e4ndige R\u00fcckerstattung.<\/p>\n<p>Wir k\u00f6nnen die Bestellung nicht stornieren, wenn das Produkt bereits versandt wurde.<\/p>\n<p>Wenn Sie die Bestellung stornieren m\u00f6chten, kontaktieren Sie uns bitte per E-Mail: info@artificialsky.tech<b> <\/b>(attached your order number or confirmation email)<\/p>\n<p class=\"translation-block\"><strong> <b> 30-t\u00e4gige <\/b> <\/strong> <strong> <b> Bedingungslose R\u00fcckerstattungsgarantie f\u00fcr unge\u00f6ffnete und unbenutzte Artikel <\/b> <\/strong><\/p>\n<p>Unbesch\u00e4digte Produkte k\u00f6nnen aus beliebigem Grund innerhalb von 30 Tagen nach dem Kaufdatum gegen eine volle R\u00fcckerstattung zur\u00fcckgegeben werden. Am wichtigsten ist, dass wir Ihnen nach der Lagerinspektion und der Best\u00e4tigung des Pakets Ihr Geld zur\u00fcckerstatten.<\/p>\n<ul>\n<li>Alle Produkte und Zubeh\u00f6rteile m\u00fcssen in der Originalverpackung enthalten sein. Gebrauchte\/weniger zur\u00fcckgegebene Artikel werden abgelehnt.<\/li>\n<li>Bitte senden Sie die Bilder des R\u00fccksendepakets, die Sendungsverfolgungsnummer und die FNSKU an die Support-E-Mail-Adresse: info@artificialsky.tech. Andernfalls wird Ihre R\u00fccksendung abgelehnt.<\/li>\n<li>R\u00fccksendungen k\u00f6nnen abgelehnt werden, wenn Artikel die oben genannten Anforderungen nicht erf\u00fcllen<\/li>\n<\/ul>\n<p>R\u00fccksendeadresse (Hinweis: Bitte best\u00e4tigen Sie uns vor der R\u00fccksendung unbedingt eine E-Mail.):<\/p>\n<ul>\n<li>US-Lager: 12819 Telegraph Road Santa Fe Springs, CA 90670 US.<br \/>\n\uff08Currently, the USA warehouse can only accept returns of Skylight-60W\uff0cSkylight-80W\uff0cSkylight-120W and Skylight-160W\uff09.<\/li>\n<li>Canada warehouse: Under maintenance, warehouse shipment and return receipt are suspended<\/li>\n<li>Vereinigte Arabische Emirate: Lagerhaus Nr. 3-USKY, Grundst\u00fcck 597-842, DIP2, Dubai, Vereinigte Arabische Emirate.<br \/>\n\uff08Currently, the UAE warehouse can only accept returns of Skylight-60W\uff0cSkylight-80W\uff0cSkylight-120W and Skylight-160W\uff09<\/li>\n<li>Germany:Tor 1,Levi-Strauss-Allee 10-12,Heusenstamm,Germany.<br \/>\n\uff08Currently, the German warehouse can only accept returns of Skylight-60W and Skylight-80W.\uff09<\/li>\n<li>KSA :coming soon<\/li>\n<\/ul>\n<p class=\"translation-block\">Wenn Sie Ihr Produkt zur\u00fcckgeben m\u00f6chten, kontaktieren Sie uns bitte per E-Mail: <a href=\"mailto:info@artificialsky.tech\" target=\"_self\"> <strong> <u> <b> info@artificialsky.tech <\/b> <\/u> <\/strong> <\/a> <b> <\/b> (anbei die Bestellnummer und den Status der Produkte)<\/p>\n<p>Das Kundendienstteam wird mit Ihnen den Grund f\u00fcr die R\u00fccksendung kl\u00e4ren und au\u00dferdem die Bereitstellung von Produkt- und Verpackungsfotos aus verschiedenen Blickwinkeln von Ihnen verlangen.<\/p>\n<p><strong>Die E-Mail sollte Folgendes enthalten:<\/strong><\/p>\n<p>1. Ihre Bestellnummer#AS, die FNSKU des Produkts.<\/p>\n<p>2. Fotos, die das Erscheinungsbild aller Seiten des Produkts deutlich zeigen<\/p>\n<p>3. Fotos der kompletten Zubeh\u00f6rpr\u00e4sentation<\/p>\n<p>4. Fotos der Originalverpackung<\/p>\n<p>Bitte beachten Sie, dass die 30-t\u00e4gige R\u00fcckgabe folgende Anforderungen erf\u00fcllen muss:<\/p>\n<p>* Das Produkt und das Zubeh\u00f6r in der Originalverpackung.<\/p>\n<p>* Das Produkt und das Zubeh\u00f6r d\u00fcrfen keine Risse, Dellen, Kratzer oder andere Faktoren aufweisen, die den Wiederverkauf beeintr\u00e4chtigen k\u00f6nnten.<\/p>\n<p>Sobald Ihre R\u00fccksendung eingegangen ist, geben Sie uns bitte bis zu 10 Werktage Zeit, um Ihre R\u00fcckerstattung zu bearbeiten. Bei Ihrer Bank dauert es in der Regel 7\u201310 Werktage, bis eine Gutschrift auf Ihrer Kreditkartenabrechnung erscheint. Bei umstrittenen Bestellungen dauert die L\u00f6sung 3\u20136 Monate.<\/p>\n<p>5 Jahre Garantie<\/p>\n<p>Wir haften f\u00fcr etwaige Qualit\u00e4tsm\u00e4ngel und bieten Ihnen bei etwaigen Qualit\u00e4tsproblemen eine 5-j\u00e4hrige Garantie. Wenn der K\u00e4ufer die Artikel besch\u00e4digt\/missbraucht hat, besteht kein Anspruch auf Garantie.<\/p>\n<p>Wir bieten Ersatz oder R\u00fcckerstattung nach Best\u00e4tigung \u00fcber info@artificialsky.tech<\/p>\n<p>(Anbei die Bestellnummer und den Status der Produkte)<\/p>\n<p>Versp\u00e4tete oder fehlende R\u00fcckerstattungen<\/p>\n<p>Wenn Sie noch keine R\u00fcckerstattung erhalten haben, \u00fcberpr\u00fcfen Sie zun\u00e4chst noch einmal Ihr Bankkonto. Wenden Sie sich dann an Ihr Kreditkartenunternehmen. Es kann einige Zeit dauern, bis Ihre R\u00fcckerstattung offiziell gebucht wird. Es dauert oft etwas Bearbeitungszeit, bis eine R\u00fcckerstattung gebucht wird.<\/p>\n<p>Wenn Sie alles getan haben und Ihre R\u00fcckerstattung immer noch nicht erhalten haben, kontaktieren Sie uns bitte unter <span style=\"background-color: rgba(255, 255, 255, 0); color: var(--body_typography-color); font-family: var(--body_typography-font-family); font-size: var(--body_typography-font-size); font-style: var(--body_typography-font-style,normal); font-weight: var(--body_typography-font-weight); letter-spacing: var(--body_typography-letter-spacing);\">info@artificialsky.tech<\/span><\/p>\n<p>Ausschl\u00fcsse<\/p>\n<p>Die Garantie von Pesetech gilt nicht f\u00fcr:<\/p>\n<p>Missbraucht\/missbraucht\/unfallbesch\u00e4digt\/besch\u00e4digt durch Naturgewalten. (Zum Beispiel Blitzeinschl\u00e4ge, Tornados, Hurrikane und dergleichen)<\/p>\n<p>Unbefugte Modifikation\/Reparatur\/Demontage oder Betrieb, der nicht den offiziellen Anweisungen oder Handb\u00fcchern entspricht;<\/p>\n<p>Nicht qualit\u00e4tsbezogene Probleme<\/p>\n<p>Artikel, die von nicht autorisierten Wiederverk\u00e4ufern gekauft wurden<\/p>\n<p>Wird f\u00fcr spezielle Anwendungen au\u00dferhalb des normalen Verbrauchergebrauchs verwendet<\/p>\n<p>Verlorenes\/gestohlenes\/kostenloses\/erstattetes Produkt<\/p>\n<p>M\u00e4ngel oder Sch\u00e4den, die durch \u00fcberm\u00e4\u00dfige Hitze, K\u00e4lte, Fl\u00fcssigkeiten oder andere \u00e4u\u00dfere Ursachen verursacht wurden.<\/p>\n<p>Es kann kein g\u00fcltiger Kaufbeleg vorgelegt werden<\/p>\n<p>Kontaktinformationen<\/p>\n<p>info@artificialsky.tech<\/p>\n<\/div><\/div><\/div><\/div><\/div>","protected":false},"excerpt":{"rendered":"","protected":false},"author":1,"featured_media":0,"parent":0,"menu_order":0,"comment_status":"closed","ping_status":"closed","template":"100-width.php","meta":{"footnotes":""},"class_list":["post-3258","page","type-page","status-publish","hentry"],"yoast_head":"<!-- This site is optimized with the Yoast SEO plugin v23.9 - https:\/\/yoast.com\/wordpress\/plugins\/seo\/ -->\n<title>Return and Warranty Policy - Pesetech smart artificial sky lights<\/title>\n<meta name=\"robots\" content=\"index, follow, max-snippet:-1, max-image-preview:large, max-video-preview:-1\" \/>\n<link rel=\"canonical\" href=\"https:\/\/www.artificialsky.tech\/de\/return-and-warranty-policy\/\" \/>\n<meta property=\"og:locale\" content=\"de_DE\" \/>\n<meta property=\"og:type\" content=\"article\" \/>\n<meta property=\"og:title\" content=\"Return and Warranty Policy - Pesetech smart artificial sky lights\" \/>\n<meta property=\"og:url\" content=\"https:\/\/www.artificialsky.tech\/de\/return-and-warranty-policy\/\" \/>\n<meta property=\"og:site_name\" content=\"Pesetech smart artificial sky lights\" \/>\n<meta property=\"article:modified_time\" content=\"2025-06-12T01:59:36+00:00\" \/>\n<meta name=\"twitter:card\" content=\"summary_large_image\" \/>\n<meta name=\"twitter:label1\" content=\"Gesch\u00e4tzte Lesezeit\" \/>\n\t<meta name=\"twitter:data1\" content=\"3\u00a0Minuten\" \/>\n<script type=\"application\/ld+json\" class=\"yoast-schema-graph\">{\"@context\":\"https:\/\/schema.org\",\"@graph\":[{\"@type\":\"WebPage\",\"@id\":\"https:\/\/www.artificialsky.tech\/return-and-warranty-policy\/\",\"url\":\"https:\/\/www.artificialsky.tech\/return-and-warranty-policy\/\",\"name\":\"Return and Warranty Policy - Pesetech smart artificial sky lights\",\"isPartOf\":{\"@id\":\"https:\/\/www.artificialsky.tech\/#website\"},\"datePublished\":\"2022-09-18T13:58:09+00:00\",\"dateModified\":\"2025-06-12T01:59:36+00:00\",\"breadcrumb\":{\"@id\":\"https:\/\/www.artificialsky.tech\/return-and-warranty-policy\/#breadcrumb\"},\"inLanguage\":\"de\",\"potentialAction\":[{\"@type\":\"ReadAction\",\"target\":[\"https:\/\/www.artificialsky.tech\/return-and-warranty-policy\/\"]}]},{\"@type\":\"BreadcrumbList\",\"@id\":\"https:\/\/www.artificialsky.tech\/return-and-warranty-policy\/#breadcrumb\",\"itemListElement\":[{\"@type\":\"ListItem\",\"position\":1,\"name\":\"Home\",\"item\":\"https:\/\/www.artificialsky.tech\/\"},{\"@type\":\"ListItem\",\"position\":2,\"name\":\"Return and Warranty Policy\"}]},{\"@type\":\"WebSite\",\"@id\":\"https:\/\/www.artificialsky.tech\/#website\",\"url\":\"https:\/\/www.artificialsky.tech\/\",\"name\":\"Pesetech smart artificial sky lights\",\"description\":\"Enjoy the clear sky anytime, anywhere\",\"publisher\":{\"@id\":\"https:\/\/www.artificialsky.tech\/#organization\"},\"potentialAction\":[{\"@type\":\"SearchAction\",\"target\":{\"@type\":\"EntryPoint\",\"urlTemplate\":\"https:\/\/www.artificialsky.tech\/?s={search_term_string}\"},\"query-input\":{\"@type\":\"PropertyValueSpecification\",\"valueRequired\":true,\"valueName\":\"search_term_string\"}}],\"inLanguage\":\"de\"},{\"@type\":\"Organization\",\"@id\":\"https:\/\/www.artificialsky.tech\/#organization\",\"name\":\"Artifical Sky\",\"url\":\"https:\/\/www.artificialsky.tech\/\",\"logo\":{\"@type\":\"ImageObject\",\"inLanguage\":\"de\",\"@id\":\"https:\/\/www.artificialsky.tech\/#\/schema\/logo\/image\/\",\"url\":\"https:\/\/www.artificialsky.tech\/wp-content\/uploads\/2022\/09\/Artificial-Sky-Logo-01.svg\",\"contentUrl\":\"https:\/\/www.artificialsky.tech\/wp-content\/uploads\/2022\/09\/Artificial-Sky-Logo-01.svg\",\"width\":1195,\"height\":363,\"caption\":\"Artifical Sky\"},\"image\":{\"@id\":\"https:\/\/www.artificialsky.tech\/#\/schema\/logo\/image\/\"}}]}<\/script>\n<!-- \/ Yoast SEO plugin. -->","yoast_head_json":{"title":"Return and Warranty Policy - Pesetech smart artificial sky lights","robots":{"index":"index","follow":"follow","max-snippet":"max-snippet:-1","max-image-preview":"max-image-preview:large","max-video-preview":"max-video-preview:-1"},"canonical":"https:\/\/www.artificialsky.tech\/de\/return-and-warranty-policy\/","og_locale":"de_DE","og_type":"article","og_title":"Return and Warranty Policy - Pesetech smart artificial sky lights","og_url":"https:\/\/www.artificialsky.tech\/de\/return-and-warranty-policy\/","og_site_name":"Pesetech smart artificial sky lights","article_modified_time":"2025-06-12T01:59:36+00:00","twitter_card":"summary_large_image","twitter_misc":{"Gesch\u00e4tzte Lesezeit":"3\u00a0Minuten"},"schema":{"@context":"https:\/\/schema.org","@graph":[{"@type":"WebPage","@id":"https:\/\/www.artificialsky.tech\/return-and-warranty-policy\/","url":"https:\/\/www.artificialsky.tech\/return-and-warranty-policy\/","name":"Return and Warranty Policy - Pesetech smart artificial sky lights","isPartOf":{"@id":"https:\/\/www.artificialsky.tech\/#website"},"datePublished":"2022-09-18T13:58:09+00:00","dateModified":"2025-06-12T01:59:36+00:00","breadcrumb":{"@id":"https:\/\/www.artificialsky.tech\/return-and-warranty-policy\/#breadcrumb"},"inLanguage":"de","potentialAction":[{"@type":"ReadAction","target":["https:\/\/www.artificialsky.tech\/return-and-warranty-policy\/"]}]},{"@type":"BreadcrumbList","@id":"https:\/\/www.artificialsky.tech\/return-and-warranty-policy\/#breadcrumb","itemListElement":[{"@type":"ListItem","position":1,"name":"Home","item":"https:\/\/www.artificialsky.tech\/"},{"@type":"ListItem","position":2,"name":"Return and Warranty Policy"}]},{"@type":"WebSite","@id":"https:\/\/www.artificialsky.tech\/#website","url":"https:\/\/www.artificialsky.tech\/","name":"Pesetech smart artificial sky lights","description":"Enjoy the clear sky anytime, anywhere","publisher":{"@id":"https:\/\/www.artificialsky.tech\/#organization"},"potentialAction":[{"@type":"SearchAction","target":{"@type":"EntryPoint","urlTemplate":"https:\/\/www.artificialsky.tech\/?s={search_term_string}"},"query-input":{"@type":"PropertyValueSpecification","valueRequired":true,"valueName":"search_term_string"}}],"inLanguage":"de"},{"@type":"Organization","@id":"https:\/\/www.artificialsky.tech\/#organization","name":"Artifical Sky","url":"https:\/\/www.artificialsky.tech\/","logo":{"@type":"ImageObject","inLanguage":"de","@id":"https:\/\/www.artificialsky.tech\/#\/schema\/logo\/image\/","url":"https:\/\/www.artificialsky.tech\/wp-content\/uploads\/2022\/09\/Artificial-Sky-Logo-01.svg","contentUrl":"https:\/\/www.artificialsky.tech\/wp-content\/uploads\/2022\/09\/Artificial-Sky-Logo-01.svg","width":1195,"height":363,"caption":"Artifical Sky"},"image":{"@id":"https:\/\/www.artificialsky.tech\/#\/schema\/logo\/image\/"}}]}},"jetpack_sharing_enabled":true,"_links":{"self":[{"href":"https:\/\/www.artificialsky.tech\/de\/wp-json\/wp\/v2\/pages\/3258","targetHints":{"allow":["GET"]}}],"collection":[{"href":"https:\/\/www.artificialsky.tech\/de\/wp-json\/wp\/v2\/pages"}],"about":[{"href":"https:\/\/www.artificialsky.tech\/de\/wp-json\/wp\/v2\/types\/page"}],"author":[{"embeddable":true,"href":"https:\/\/www.artificialsky.tech\/de\/wp-json\/wp\/v2\/users\/1"}],"replies":[{"embeddable":true,"href":"https:\/\/www.artificialsky.tech\/de\/wp-json\/wp\/v2\/comments?post=3258"}],"version-history":[{"count":16,"href":"https:\/\/www.artificialsky.tech\/de\/wp-json\/wp\/v2\/pages\/3258\/revisions"}],"predecessor-version":[{"id":8016,"href":"https:\/\/www.artificialsky.tech\/de\/wp-json\/wp\/v2\/pages\/3258\/revisions\/8016"}],"wp:attachment":[{"href":"https:\/\/www.artificialsky.tech\/de\/wp-json\/wp\/v2\/media?parent=3258"}],"curies":[{"name":"wp","href":"https:\/\/api.w.org\/{rel}","templated":true}]}}