{"id":3892,"date":"2022-09-28T17:18:32","date_gmt":"2022-09-28T09:18:32","guid":{"rendered":"https:\/\/www.artificialsky.tech\/?page_id=3892"},"modified":"2022-10-14T23:02:30","modified_gmt":"2022-10-14T15:02:30","slug":"application","status":"publish","type":"page","link":"https:\/\/www.artificialsky.tech\/de\/application\/","title":{"rendered":"Anwendung"},"content":{"rendered":"<p><div class=\"fusion-fullwidth fullwidth-box fusion-builder-row-1 fusion-flex-container has-pattern-background has-mask-background nonhundred-percent-fullwidth non-hundred-percent-height-scrolling\" style=\"--awb-border-radius-top-left:0px;--awb-border-radius-top-right:0px;--awb-border-radius-bottom-right:0px;--awb-border-radius-bottom-left:0px;--awb-padding-top:2%;--awb-padding-bottom:2%;--awb-flex-wrap:wrap;\" ><div class=\"fusion-builder-row fusion-row fusion-flex-align-items-flex-start fusion-flex-content-wrap\" style=\"max-width:1320.8px;margin-left: calc(-4% \/ 2 );margin-right: calc(-4% \/ 2 );\"><div class=\"fusion-layout-column fusion_builder_column fusion-builder-column-0 fusion_builder_column_1_1 1_1 fusion-flex-column\" style=\"--awb-bg-size:cover;--awb-width-large:100%;--awb-margin-top-large:25px;--awb-spacing-right-large:1.92%;--awb-margin-bottom-large:25px;--awb-spacing-left-large:1.92%;--awb-width-medium:100%;--awb-order-medium:0;--awb-spacing-right-medium:1.92%;--awb-spacing-left-medium:1.92%;--awb-width-small:100%;--awb-order-small:0;--awb-spacing-right-small:1.92%;--awb-spacing-left-small:1.92%;\"><div class=\"fusion-column-wrapper fusion-column-has-shadow fusion-flex-justify-content-flex-start fusion-content-layout-column\"><div class=\"fusion-title title fusion-title-1 fusion-sep-none fusion-title-center fusion-title-text fusion-title-size-one\"><h1 class=\"fusion-title-heading title-heading-center fusion-responsive-typography-calculated\" style=\"margin:0;--fontSize:80;line-height:var(--awb-typography1-line-height);\">Artificial sky light<\/h1><\/div><div class=\"fusion-text fusion-text-1\"><p>In der modernen Gesellschaft verbringen Menschen 90 % ihrer Zeit in Innenr\u00e4umen, doch in vielen F\u00e4llen reicht die Innenbeleuchtung nicht aus. Menschen bleiben \u00fcber einen l\u00e4ngeren Zeitraum in einem geschlossenen Raum, was negative Auswirkungen auf K\u00f6rper und Geist haben kann, wie z. B. St\u00f6rungen der biologischen Uhr und Depressionen. Pesetech stellt eine neue Generation intelligenter k\u00fcnstlicher Oberlichter vor, die einen realistischen blauen Himmel simulieren, der wie ein echtes Oberlicht mit unendlicher Tiefe aussieht. Die ultraweite Farbtemperatur von 1800 K bis 10000 K kann auch Sonnenaufgang und Sonnenuntergang simulieren, ganzt\u00e4gige \u00c4nderungen der Himmelsfarbtemperatur (HCL-Beleuchtung) simulieren, Ihren Tagesrhythmus verbessern und Ihre kognitiven F\u00e4higkeiten und Ihr Wohlbefinden verbessern.<\/p>\n<\/div><\/div><\/div><\/div><\/div><div class=\"fusion-fullwidth fullwidth-box fusion-builder-row-2 fusion-flex-container nonhundred-percent-fullwidth non-hundred-percent-height-scrolling\" style=\"--link_hover_color: #d21e36;--link_color: #d21e36;--awb-border-sizes-top:0px;--awb-border-sizes-bottom:0px;--awb-border-sizes-left:0px;--awb-border-sizes-right:0px;--awb-border-color:#d1d1d1;--awb-border-radius-top-left:0px;--awb-border-radius-top-right:0px;--awb-border-radius-bottom-right:0px;--awb-border-radius-bottom-left:0px;--awb-padding-top:100px;--awb-padding-right:30px;--awb-padding-bottom:100px;--awb-padding-left:30px;--awb-padding-top-medium:60px;--awb-padding-bottom-medium:60px;--awb-padding-top-small:50px;--awb-padding-right-small:50px;--awb-padding-bottom-small:50px;--awb-padding-left-small:50px;--awb-margin-top:0px;--awb-margin-bottom:0px;--awb-background-color:#ffffff;--awb-flex-wrap:wrap;\" ><div class=\"fusion-builder-row fusion-row fusion-flex-align-items-stretch fusion-flex-content-wrap\" style=\"max-width:1320.8px;margin-left: calc(-4% \/ 2 );margin-right: calc(-4% \/ 2 );\"><div class=\"fusion-layout-column fusion_builder_column fusion-builder-column-1 fusion_builder_column_2_5 2_5 fusion-flex-column fusion-flex-align-self-center fusion-animated\" style=\"--awb-bg-size:cover;--awb-width-large:40%;--awb-margin-top-large:0px;--awb-spacing-right-large:12%;--awb-margin-bottom-large:100px;--awb-spacing-left-large:4.8%;--awb-width-medium:50%;--awb-order-medium:0;--awb-spacing-right-medium:9.6%;--awb-margin-bottom-medium:60px;--awb-spacing-left-medium:3.84%;--awb-width-small:100%;--awb-order-small:1;--awb-spacing-right-small:1.92%;--awb-spacing-left-small:1.92%;\" data-animationtype=\"fadeInLeft\" data-animationduration=\"1.3\" data-animationoffset=\"top-into-view\"><div class=\"fusion-column-wrapper fusion-column-has-shadow fusion-flex-justify-content-flex-start fusion-content-layout-column\"><div class=\"fusion-title title fusion-title-2 fusion-sep-none fusion-title-text fusion-title-size-two\" style=\"--awb-text-color:var(--awb-color8);--awb-margin-top:10px;--awb-margin-bottom:30px;--awb-margin-top-small:10px;--awb-margin-bottom-small:10px;--awb-sep-color:#d1d1d1;--awb-font-size:55px;\"><h2 class=\"fusion-title-heading title-heading-left fusion-responsive-typography-calculated\" style=\"margin:0;font-size:1em;letter-spacing:-1px;text-transform:var(--awb-typography1-text-transform);--fontSize:55;line-height:1.2;\">Bessere Wirkung in der Anwendung<\/h2><\/div><div class=\"fusion-text fusion-text-2 fusion-text-no-margin\" style=\"--awb-font-size:18px;--awb-line-height:1.7;--awb-letter-spacing:0px;--awb-text-transform:var(--awb-typography4-text-transform);--awb-text-color:var(--awb-color8);\"><p>Intelligentes k\u00fcnstliches Himmelslicht ist nicht nur ein virtueller blauer Himmel, es bringt den Menschen in verschiedenen Anwendungen unterschiedliche Effekte. Sehen Sie sich die Anwendung an, um mehr zu erfahren.<\/p>\n<\/div><\/div><\/div><div class=\"fusion-layout-column fusion_builder_column fusion-builder-column-2 fusion_builder_column_3_5 3_5 fusion-flex-column fusion-animated\" style=\"--awb-bg-size:cover;--awb-width-large:60%;--awb-margin-top-large:0px;--awb-spacing-right-large:3.2%;--awb-margin-bottom-large:75px;--awb-spacing-left-large:6.4%;--awb-width-medium:50%;--awb-order-medium:1;--awb-spacing-right-medium:3.84%;--awb-spacing-left-medium:7.68%;--awb-width-small:100%;--awb-order-small:0;--awb-spacing-right-small:1.92%;--awb-margin-bottom-small:36px;--awb-spacing-left-small:1.92%;\" data-animationtype=\"fadeIn\" data-animationduration=\"1.3\" data-animationoffset=\"top-into-view\"><div class=\"fusion-column-wrapper fusion-column-has-shadow fusion-flex-justify-content-flex-start fusion-content-layout-column\"><div class=\"fusion-image-element\" style=\"--awb-caption-title-color:#ffffff;--awb-caption-text-color:#ffffff;--awb-caption-text-size:16px;--awb-caption-text-transform:var(--awb-typography5-text-transform);--awb-caption-text-line-height:1.7;--awb-caption-text-letter-spacing:0px;--awb-caption-border-color:#ffffff;--awb-caption-overlay-color:#0058aa;--awb-caption-title-font-family:var(--h1_typography-font-family);--awb-caption-title-font-weight:var(--h1_typography-font-weight);--awb-caption-title-font-style:var(--h1_typography-font-style);--awb-caption-title-size:34px;--awb-caption-title-transform:var(--awb-typography1-text-transform);--awb-caption-title-line-height:1.2;--awb-caption-title-letter-spacing:-1px;--awb-caption-text-font-family:&quot;Roboto&quot;;--awb-caption-text-font-style:normal;--awb-caption-text-font-weight:400;\"><span class=\"fusion-imageframe imageframe-none imageframe-1 awb-imageframe-style awb-imageframe-style-resa\" style=\"border-radius:4px;\"><a class=\"fusion-no-lightbox\" href=\"https:\/\/www.artificialsky.tech\/de\/home-application\/\" target=\"_self\" aria-label=\"home\"><img decoding=\"async\" width=\"960\" height=\"634\" src=\"https:\/\/www.artificialsky.tech\/wp-content\/uploads\/2022\/09\/home.png\" data-orig-src=\"https:\/\/www.artificialsky.tech\/wp-content\/uploads\/2022\/09\/home.png\" alt class=\"lazyload img-responsive wp-image-3940\" srcset=\"data:image\/svg+xml,%3Csvg%20xmlns%3D%27http%3A%2F%2Fwww.w3.org%2F2000%2Fsvg%27%20width%3D%27960%27%20height%3D%27634%27%20viewBox%3D%270%200%20960%20634%27%3E%3Crect%20width%3D%27960%27%20height%3D%27634%27%20fill-opacity%3D%220%22%2F%3E%3C%2Fsvg%3E\" data-srcset=\"https:\/\/www.artificialsky.tech\/wp-content\/uploads\/2022\/09\/home-200x132.png 200w, https:\/\/www.artificialsky.tech\/wp-content\/uploads\/2022\/09\/home-400x264.png 400w, https:\/\/www.artificialsky.tech\/wp-content\/uploads\/2022\/09\/home-600x396.png 600w, https:\/\/www.artificialsky.tech\/wp-content\/uploads\/2022\/09\/home-800x528.png 800w, https:\/\/www.artificialsky.tech\/wp-content\/uploads\/2022\/09\/home.png 960w\" data-sizes=\"auto\" data-orig-sizes=\"(max-width: 1024px) 100vw, (max-width: 640px) 100vw, 800px\" \/><div class=\"awb-imageframe-caption-container\"><div class=\"awb-imageframe-caption\"><h1 class=\"awb-imageframe-caption-title\">Home <\/h1><p class=\"awb-imageframe-caption-text\">Living room, bathroom, kitchen, basement. . .<\/p><\/div><\/div><\/a><\/span><\/div><\/div><\/div><div class=\"fusion-layout-column fusion_builder_column fusion-builder-column-3 fusion_builder_column_1_3 1_3 fusion-flex-column fusion-animated\" style=\"--awb-bg-size:cover;--awb-width-large:33.333333333333%;--awb-margin-top-large:0px;--awb-spacing-right-large:5.76%;--awb-margin-bottom-large:75px;--awb-spacing-left-large:11.52%;--awb-width-medium:50%;--awb-order-medium:1;--awb-spacing-right-medium:3.84%;--awb-spacing-left-medium:7.68%;--awb-width-small:100%;--awb-order-small:0;--awb-spacing-right-small:1.92%;--awb-margin-bottom-small:36px;--awb-spacing-left-small:1.92%;\" data-animationtype=\"fadeIn\" data-animationduration=\"1.3\" data-animationoffset=\"top-into-view\"><div class=\"fusion-column-wrapper fusion-column-has-shadow fusion-flex-justify-content-flex-start fusion-content-layout-column\"><div class=\"fusion-image-element\" style=\"--awb-caption-title-color:#ffffff;--awb-caption-text-color:#ffffff;--awb-caption-text-size:16px;--awb-caption-text-transform:var(--awb-typography5-text-transform);--awb-caption-text-line-height:1.7;--awb-caption-text-letter-spacing:0px;--awb-caption-border-color:#ffffff;--awb-caption-overlay-color:#0058aa;--awb-caption-title-font-family:var(--h1_typography-font-family);--awb-caption-title-font-weight:var(--h1_typography-font-weight);--awb-caption-title-font-style:var(--h1_typography-font-style);--awb-caption-title-size:34px;--awb-caption-title-transform:var(--awb-typography1-text-transform);--awb-caption-title-line-height:1.2;--awb-caption-title-letter-spacing:-1px;--awb-caption-text-font-family:&quot;Roboto&quot;;--awb-caption-text-font-style:normal;--awb-caption-text-font-weight:400;\"><span class=\"fusion-imageframe imageframe-none imageframe-2 awb-imageframe-style awb-imageframe-style-resa\" style=\"border-radius:4px;\"><a class=\"fusion-no-lightbox\" href=\"https:\/\/www.artificialsky.tech\/de\/healthcare-application\/\" target=\"_self\" aria-label=\"dentalartificialsky\"><img decoding=\"async\" width=\"960\" height=\"634\" src=\"https:\/\/www.artificialsky.tech\/wp-content\/uploads\/2022\/10\/dentalartificialsky.png\" data-orig-src=\"https:\/\/www.artificialsky.tech\/wp-content\/uploads\/2022\/10\/dentalartificialsky.png\" alt class=\"lazyload img-responsive wp-image-4153\" srcset=\"data:image\/svg+xml,%3Csvg%20xmlns%3D%27http%3A%2F%2Fwww.w3.org%2F2000%2Fsvg%27%20width%3D%27960%27%20height%3D%27634%27%20viewBox%3D%270%200%20960%20634%27%3E%3Crect%20width%3D%27960%27%20height%3D%27634%27%20fill-opacity%3D%220%22%2F%3E%3C%2Fsvg%3E\" data-srcset=\"https:\/\/www.artificialsky.tech\/wp-content\/uploads\/2022\/10\/dentalartificialsky-200x132.png 200w, https:\/\/www.artificialsky.tech\/wp-content\/uploads\/2022\/10\/dentalartificialsky-400x264.png 400w, https:\/\/www.artificialsky.tech\/wp-content\/uploads\/2022\/10\/dentalartificialsky-600x396.png 600w, https:\/\/www.artificialsky.tech\/wp-content\/uploads\/2022\/10\/dentalartificialsky-800x528.png 800w, https:\/\/www.artificialsky.tech\/wp-content\/uploads\/2022\/10\/dentalartificialsky.png 960w\" data-sizes=\"auto\" data-orig-sizes=\"(max-width: 1024px) 100vw, (max-width: 640px) 100vw, 400px\" \/><div class=\"awb-imageframe-caption-container\"><div class=\"awb-imageframe-caption\"><h1 class=\"awb-imageframe-caption-title\">Krankenhaus<\/h1><p class=\"awb-imageframe-caption-text\">Dental, psychological consultation, ward, blood draw. . .<\/p><\/div><\/div><\/a><\/span><\/div><\/div><\/div><div class=\"fusion-layout-column fusion_builder_column fusion-builder-column-4 fusion_builder_column_1_3 1_3 fusion-flex-column fusion-animated\" style=\"--awb-bg-size:cover;--awb-width-large:33.333333333333%;--awb-margin-top-large:0px;--awb-spacing-right-large:5.76%;--awb-margin-bottom-large:0px;--awb-spacing-left-large:11.52%;--awb-width-medium:50%;--awb-order-medium:1;--awb-spacing-right-medium:3.84%;--awb-spacing-left-medium:7.68%;--awb-width-small:100%;--awb-order-small:0;--awb-spacing-right-small:1.92%;--awb-margin-bottom-small:36px;--awb-spacing-left-small:1.92%;\" data-animationtype=\"fadeIn\" data-animationduration=\"1.3\" data-animationoffset=\"top-into-view\"><div class=\"fusion-column-wrapper fusion-column-has-shadow fusion-flex-justify-content-flex-start fusion-content-layout-column\"><div class=\"fusion-image-element\" style=\"--awb-caption-title-color:#ffffff;--awb-caption-text-color:#ffffff;--awb-caption-text-size:16px;--awb-caption-text-transform:var(--awb-typography5-text-transform);--awb-caption-text-line-height:1.7;--awb-caption-text-letter-spacing:0px;--awb-caption-border-color:#ffffff;--awb-caption-overlay-color:#0058aa;--awb-caption-title-font-family:var(--h1_typography-font-family);--awb-caption-title-font-weight:var(--h1_typography-font-weight);--awb-caption-title-font-style:var(--h1_typography-font-style);--awb-caption-title-size:34px;--awb-caption-title-transform:var(--awb-typography1-text-transform);--awb-caption-title-line-height:1.2;--awb-caption-title-letter-spacing:-1px;--awb-caption-text-font-family:&quot;Roboto&quot;;--awb-caption-text-font-style:normal;--awb-caption-text-font-weight:400;\"><span class=\"fusion-imageframe imageframe-none imageframe-3 awb-imageframe-style awb-imageframe-style-resa\" style=\"border-radius:4px;\"><a class=\"fusion-no-lightbox\" href=\"https:\/\/www.artificialsky.tech\/de\/office-application\/\" target=\"_self\" aria-label=\"office artificial sky light\"><img decoding=\"async\" width=\"960\" height=\"634\" src=\"https:\/\/www.artificialsky.tech\/wp-content\/uploads\/2022\/09\/office-artificial-sky-light.png\" data-orig-src=\"https:\/\/www.artificialsky.tech\/wp-content\/uploads\/2022\/09\/office-artificial-sky-light.png\" alt class=\"lazyload img-responsive wp-image-3941\" srcset=\"data:image\/svg+xml,%3Csvg%20xmlns%3D%27http%3A%2F%2Fwww.w3.org%2F2000%2Fsvg%27%20width%3D%27960%27%20height%3D%27634%27%20viewBox%3D%270%200%20960%20634%27%3E%3Crect%20width%3D%27960%27%20height%3D%27634%27%20fill-opacity%3D%220%22%2F%3E%3C%2Fsvg%3E\" data-srcset=\"https:\/\/www.artificialsky.tech\/wp-content\/uploads\/2022\/09\/office-artificial-sky-light-200x132.png 200w, https:\/\/www.artificialsky.tech\/wp-content\/uploads\/2022\/09\/office-artificial-sky-light-400x264.png 400w, https:\/\/www.artificialsky.tech\/wp-content\/uploads\/2022\/09\/office-artificial-sky-light-600x396.png 600w, https:\/\/www.artificialsky.tech\/wp-content\/uploads\/2022\/09\/office-artificial-sky-light-800x528.png 800w, https:\/\/www.artificialsky.tech\/wp-content\/uploads\/2022\/09\/office-artificial-sky-light.png 960w\" data-sizes=\"auto\" data-orig-sizes=\"(max-width: 1024px) 100vw, (max-width: 640px) 100vw, 400px\" \/><div class=\"awb-imageframe-caption-container\"><div class=\"awb-imageframe-caption\"><h1 class=\"awb-imageframe-caption-title\">B\u00fcro<\/h1><p class=\"awb-imageframe-caption-text\">Reception room, conference room, Work region, . . .<\/p><\/div><\/div><\/a><\/span><\/div><\/div><\/div><div class=\"fusion-layout-column fusion_builder_column fusion-builder-column-5 fusion_builder_column_1_3 1_3 fusion-flex-column fusion-animated\" style=\"--awb-bg-size:cover;--awb-width-large:33.333333333333%;--awb-margin-top-large:0px;--awb-spacing-right-large:5.76%;--awb-margin-bottom-large:75px;--awb-spacing-left-large:11.52%;--awb-width-medium:50%;--awb-order-medium:1;--awb-spacing-right-medium:3.84%;--awb-spacing-left-medium:7.68%;--awb-width-small:100%;--awb-order-small:0;--awb-spacing-right-small:1.92%;--awb-margin-bottom-small:36px;--awb-spacing-left-small:1.92%;\" data-animationtype=\"fadeIn\" data-animationduration=\"1.3\" data-animationoffset=\"top-into-view\"><div class=\"fusion-column-wrapper fusion-column-has-shadow fusion-flex-justify-content-flex-start fusion-content-layout-column\"><div class=\"fusion-image-element\" style=\"--awb-caption-title-color:#ffffff;--awb-caption-text-color:#ffffff;--awb-caption-text-size:16px;--awb-caption-text-transform:var(--awb-typography5-text-transform);--awb-caption-text-line-height:1.7;--awb-caption-text-letter-spacing:0px;--awb-caption-border-color:#ffffff;--awb-caption-overlay-color:#0058aa;--awb-caption-title-font-family:var(--h1_typography-font-family);--awb-caption-title-font-weight:var(--h1_typography-font-weight);--awb-caption-title-font-style:var(--h1_typography-font-style);--awb-caption-title-size:34px;--awb-caption-title-transform:var(--awb-typography1-text-transform);--awb-caption-title-line-height:1.2;--awb-caption-title-letter-spacing:-1px;--awb-caption-text-font-family:&quot;Roboto&quot;;--awb-caption-text-font-style:normal;--awb-caption-text-font-weight:400;\"><span class=\"fusion-imageframe imageframe-none imageframe-4 awb-imageframe-style awb-imageframe-style-resa\" style=\"border-radius:4px;\"><img decoding=\"async\" width=\"960\" height=\"634\" title=\"184\" src=\"https:\/\/www.artificialsky.tech\/wp-content\/uploads\/2022\/09\/184.jpg\" data-orig-src=\"https:\/\/www.artificialsky.tech\/wp-content\/uploads\/2022\/09\/184.jpg\" alt class=\"lazyload img-responsive wp-image-3898\" srcset=\"data:image\/svg+xml,%3Csvg%20xmlns%3D%27http%3A%2F%2Fwww.w3.org%2F2000%2Fsvg%27%20width%3D%27960%27%20height%3D%27634%27%20viewBox%3D%270%200%20960%20634%27%3E%3Crect%20width%3D%27960%27%20height%3D%27634%27%20fill-opacity%3D%220%22%2F%3E%3C%2Fsvg%3E\" data-srcset=\"https:\/\/www.artificialsky.tech\/wp-content\/uploads\/2022\/09\/184-200x132.jpg 200w, https:\/\/www.artificialsky.tech\/wp-content\/uploads\/2022\/09\/184-400x264.jpg 400w, https:\/\/www.artificialsky.tech\/wp-content\/uploads\/2022\/09\/184-600x396.jpg 600w, https:\/\/www.artificialsky.tech\/wp-content\/uploads\/2022\/09\/184-800x528.jpg 800w, https:\/\/www.artificialsky.tech\/wp-content\/uploads\/2022\/09\/184.jpg 960w\" data-sizes=\"auto\" data-orig-sizes=\"(max-width: 1024px) 100vw, (max-width: 640px) 100vw, 400px\" \/><div class=\"awb-imageframe-caption-container\"><div class=\"awb-imageframe-caption\"><h1 class=\"awb-imageframe-caption-title\">Werbung<\/h1><p class=\"awb-imageframe-caption-text\">Retail, hotel, yoga studio, gym, spa. . .<\/p><\/div><\/div><\/span><\/div><\/div><\/div><\/div><\/div><\/p>","protected":false},"excerpt":{"rendered":"","protected":false},"author":1,"featured_media":0,"parent":0,"menu_order":0,"comment_status":"closed","ping_status":"closed","template":"100-width.php","meta":{"footnotes":""},"class_list":["post-3892","page","type-page","status-publish","hentry"],"yoast_head":"<!-- This site is optimized with the Yoast SEO plugin v23.9 - https:\/\/yoast.com\/wordpress\/plugins\/seo\/ -->\n<title>Application - Pesetech smart artificial sky lights<\/title>\n<meta name=\"robots\" content=\"index, follow, max-snippet:-1, max-image-preview:large, max-video-preview:-1\" \/>\n<link rel=\"canonical\" href=\"https:\/\/www.artificialsky.tech\/de\/application\/\" \/>\n<meta property=\"og:locale\" content=\"de_DE\" \/>\n<meta property=\"og:type\" content=\"article\" \/>\n<meta property=\"og:title\" content=\"Application - Pesetech smart artificial sky lights\" \/>\n<meta property=\"og:url\" content=\"https:\/\/www.artificialsky.tech\/de\/application\/\" \/>\n<meta property=\"og:site_name\" content=\"Pesetech smart artificial sky lights\" \/>\n<meta property=\"article:modified_time\" content=\"2022-10-14T15:02:30+00:00\" \/>\n<meta name=\"twitter:card\" content=\"summary_large_image\" \/>\n<meta name=\"twitter:label1\" content=\"Gesch\u00e4tzte Lesezeit\" \/>\n\t<meta name=\"twitter:data1\" content=\"2\u00a0Minuten\" \/>\n<script type=\"application\/ld+json\" class=\"yoast-schema-graph\">{\"@context\":\"https:\/\/schema.org\",\"@graph\":[{\"@type\":\"WebPage\",\"@id\":\"https:\/\/www.artificialsky.tech\/application\/\",\"url\":\"https:\/\/www.artificialsky.tech\/application\/\",\"name\":\"Application - Pesetech smart artificial sky lights\",\"isPartOf\":{\"@id\":\"https:\/\/www.artificialsky.tech\/#website\"},\"datePublished\":\"2022-09-28T09:18:32+00:00\",\"dateModified\":\"2022-10-14T15:02:30+00:00\",\"breadcrumb\":{\"@id\":\"https:\/\/www.artificialsky.tech\/application\/#breadcrumb\"},\"inLanguage\":\"de\",\"potentialAction\":[{\"@type\":\"ReadAction\",\"target\":[\"https:\/\/www.artificialsky.tech\/application\/\"]}]},{\"@type\":\"BreadcrumbList\",\"@id\":\"https:\/\/www.artificialsky.tech\/application\/#breadcrumb\",\"itemListElement\":[{\"@type\":\"ListItem\",\"position\":1,\"name\":\"Home\",\"item\":\"https:\/\/www.artificialsky.tech\/\"},{\"@type\":\"ListItem\",\"position\":2,\"name\":\"Application\"}]},{\"@type\":\"WebSite\",\"@id\":\"https:\/\/www.artificialsky.tech\/#website\",\"url\":\"https:\/\/www.artificialsky.tech\/\",\"name\":\"Pesetech smart artificial sky lights\",\"description\":\"Enjoy the clear sky anytime, anywhere\",\"publisher\":{\"@id\":\"https:\/\/www.artificialsky.tech\/#organization\"},\"potentialAction\":[{\"@type\":\"SearchAction\",\"target\":{\"@type\":\"EntryPoint\",\"urlTemplate\":\"https:\/\/www.artificialsky.tech\/?s={search_term_string}\"},\"query-input\":{\"@type\":\"PropertyValueSpecification\",\"valueRequired\":true,\"valueName\":\"search_term_string\"}}],\"inLanguage\":\"de\"},{\"@type\":\"Organization\",\"@id\":\"https:\/\/www.artificialsky.tech\/#organization\",\"name\":\"Artifical Sky\",\"url\":\"https:\/\/www.artificialsky.tech\/\",\"logo\":{\"@type\":\"ImageObject\",\"inLanguage\":\"de\",\"@id\":\"https:\/\/www.artificialsky.tech\/#\/schema\/logo\/image\/\",\"url\":\"https:\/\/www.artificialsky.tech\/wp-content\/uploads\/2022\/09\/Artificial-Sky-Logo-01.svg\",\"contentUrl\":\"https:\/\/www.artificialsky.tech\/wp-content\/uploads\/2022\/09\/Artificial-Sky-Logo-01.svg\",\"width\":1195,\"height\":363,\"caption\":\"Artifical Sky\"},\"image\":{\"@id\":\"https:\/\/www.artificialsky.tech\/#\/schema\/logo\/image\/\"}}]}<\/script>\n<!-- \/ Yoast SEO plugin. -->","yoast_head_json":{"title":"Application - Pesetech smart artificial sky lights","robots":{"index":"index","follow":"follow","max-snippet":"max-snippet:-1","max-image-preview":"max-image-preview:large","max-video-preview":"max-video-preview:-1"},"canonical":"https:\/\/www.artificialsky.tech\/de\/application\/","og_locale":"de_DE","og_type":"article","og_title":"Application - Pesetech smart artificial sky lights","og_url":"https:\/\/www.artificialsky.tech\/de\/application\/","og_site_name":"Pesetech smart artificial sky lights","article_modified_time":"2022-10-14T15:02:30+00:00","twitter_card":"summary_large_image","twitter_misc":{"Gesch\u00e4tzte Lesezeit":"2\u00a0Minuten"},"schema":{"@context":"https:\/\/schema.org","@graph":[{"@type":"WebPage","@id":"https:\/\/www.artificialsky.tech\/application\/","url":"https:\/\/www.artificialsky.tech\/application\/","name":"Application - Pesetech smart artificial sky lights","isPartOf":{"@id":"https:\/\/www.artificialsky.tech\/#website"},"datePublished":"2022-09-28T09:18:32+00:00","dateModified":"2022-10-14T15:02:30+00:00","breadcrumb":{"@id":"https:\/\/www.artificialsky.tech\/application\/#breadcrumb"},"inLanguage":"de","potentialAction":[{"@type":"ReadAction","target":["https:\/\/www.artificialsky.tech\/application\/"]}]},{"@type":"BreadcrumbList","@id":"https:\/\/www.artificialsky.tech\/application\/#breadcrumb","itemListElement":[{"@type":"ListItem","position":1,"name":"Home","item":"https:\/\/www.artificialsky.tech\/"},{"@type":"ListItem","position":2,"name":"Application"}]},{"@type":"WebSite","@id":"https:\/\/www.artificialsky.tech\/#website","url":"https:\/\/www.artificialsky.tech\/","name":"Pesetech smart artificial sky lights","description":"Enjoy the clear sky anytime, anywhere","publisher":{"@id":"https:\/\/www.artificialsky.tech\/#organization"},"potentialAction":[{"@type":"SearchAction","target":{"@type":"EntryPoint","urlTemplate":"https:\/\/www.artificialsky.tech\/?s={search_term_string}"},"query-input":{"@type":"PropertyValueSpecification","valueRequired":true,"valueName":"search_term_string"}}],"inLanguage":"de"},{"@type":"Organization","@id":"https:\/\/www.artificialsky.tech\/#organization","name":"Artifical Sky","url":"https:\/\/www.artificialsky.tech\/","logo":{"@type":"ImageObject","inLanguage":"de","@id":"https:\/\/www.artificialsky.tech\/#\/schema\/logo\/image\/","url":"https:\/\/www.artificialsky.tech\/wp-content\/uploads\/2022\/09\/Artificial-Sky-Logo-01.svg","contentUrl":"https:\/\/www.artificialsky.tech\/wp-content\/uploads\/2022\/09\/Artificial-Sky-Logo-01.svg","width":1195,"height":363,"caption":"Artifical Sky"},"image":{"@id":"https:\/\/www.artificialsky.tech\/#\/schema\/logo\/image\/"}}]}},"jetpack_sharing_enabled":true,"_links":{"self":[{"href":"https:\/\/www.artificialsky.tech\/de\/wp-json\/wp\/v2\/pages\/3892","targetHints":{"allow":["GET"]}}],"collection":[{"href":"https:\/\/www.artificialsky.tech\/de\/wp-json\/wp\/v2\/pages"}],"about":[{"href":"https:\/\/www.artificialsky.tech\/de\/wp-json\/wp\/v2\/types\/page"}],"author":[{"embeddable":true,"href":"https:\/\/www.artificialsky.tech\/de\/wp-json\/wp\/v2\/users\/1"}],"replies":[{"embeddable":true,"href":"https:\/\/www.artificialsky.tech\/de\/wp-json\/wp\/v2\/comments?post=3892"}],"version-history":[{"count":20,"href":"https:\/\/www.artificialsky.tech\/de\/wp-json\/wp\/v2\/pages\/3892\/revisions"}],"predecessor-version":[{"id":4210,"href":"https:\/\/www.artificialsky.tech\/de\/wp-json\/wp\/v2\/pages\/3892\/revisions\/4210"}],"wp:attachment":[{"href":"https:\/\/www.artificialsky.tech\/de\/wp-json\/wp\/v2\/media?parent=3892"}],"curies":[{"name":"wp","href":"https:\/\/api.w.org\/{rel}","templated":true}]}}