{"id":4001,"date":"2022-09-30T14:03:41","date_gmt":"2022-09-30T06:03:41","guid":{"rendered":"https:\/\/www.artificialsky.tech\/?page_id=4001"},"modified":"2023-04-17T00:20:58","modified_gmt":"2023-04-16T16:20:58","slug":"shipping","status":"publish","type":"page","link":"https:\/\/www.artificialsky.tech\/de\/shipping\/","title":{"rendered":"Versand"},"content":{"rendered":"<div class=\"fusion-fullwidth fullwidth-box fusion-builder-row-1 fusion-flex-container has-pattern-background has-mask-background nonhundred-percent-fullwidth non-hundred-percent-height-scrolling\" style=\"--awb-border-radius-top-left:0px;--awb-border-radius-top-right:0px;--awb-border-radius-bottom-right:0px;--awb-border-radius-bottom-left:0px;--awb-padding-top:0%;--awb-flex-wrap:wrap;\" ><div class=\"fusion-builder-row fusion-row fusion-flex-align-items-flex-start fusion-flex-content-wrap\" style=\"max-width:1320.8px;margin-left: calc(-4% \/ 2 );margin-right: calc(-4% \/ 2 );\"><div class=\"fusion-layout-column fusion_builder_column fusion-builder-column-0 fusion_builder_column_1_1 1_1 fusion-flex-column\" style=\"--awb-bg-size:cover;--awb-width-large:100%;--awb-margin-top-large:25px;--awb-spacing-right-large:1.92%;--awb-margin-bottom-large:25px;--awb-spacing-left-large:1.92%;--awb-width-medium:100%;--awb-order-medium:0;--awb-spacing-right-medium:1.92%;--awb-spacing-left-medium:1.92%;--awb-width-small:100%;--awb-order-small:0;--awb-spacing-right-small:1.92%;--awb-spacing-left-small:1.92%;\"><div class=\"fusion-column-wrapper fusion-column-has-shadow fusion-flex-justify-content-flex-start fusion-content-layout-column\"><div class=\"fusion-title title fusion-title-1 fusion-sep-none fusion-title-center fusion-title-text fusion-title-size-one\" style=\"--awb-margin-top-small:8px;--awb-margin-right-small:0px;--awb-margin-bottom-small:16px;--awb-margin-left-small:0px;\"><h1 class=\"fusion-title-heading title-heading-center fusion-responsive-typography-calculated\" style=\"margin:0;--fontSize:80;line-height:var(--awb-typography1-line-height);\">Versand<\/h1><\/div><div class=\"fusion-text fusion-text-1\"><p><strong>Versandkosten:<\/strong> Standardm\u00e4\u00dfig erfolgt die Zustellung per Luft- oder Expressversand. Einige Regionen bieten auch Optionen f\u00fcr den Seetransport an.<\/p>\n<p><strong>Lieferdauer:<\/strong> Alle Bestellungen (ausgenommen Vorbestellungen und Sonderbestellungen) werden innerhalb von 4 Werktagen nach Best\u00e4tigung der Zahlung versendet.<\/p>\n<p class=\"translation-block\"><strong> Sendungsverfolgungsnummer: <\/strong> Sie k\u00f6nnen Versandinformationen von der E-Mail-Adresse des Empf\u00e4ngers erhalten, die wir beim Versand angegeben haben.<\/p>\n<p class=\"translation-block\"><strong> Zoll: <\/strong> Der Kunde ist f\u00fcr eventuell anfallende Zollgeb\u00fchren verantwortlich.<\/p>\n<p class=\"translation-block\"><b> Versandort: <\/b> Bestellungen aus anderen Regionen au\u00dfer den USA, Kanada und den Vereinigten Arabischen Emiraten werden von chinesischen Fabriken versandt;<\/p>\n<p>Bedenken Sie bei der Berechnung Ihrer Gesamtversandzeit, dass der Tag, an dem ein Paket zugestellt oder in unserem Lager abgeholt wird, nicht als erster Werktag gilt; Werktage werden ab dem ersten vollen Tag gez\u00e4hlt, an dem das Paket an Sie \u201eversendet\u201c wird.<\/p>\n<p>Hinweis: Als Werktage gelten Montag bis Freitag, ausgenommen Wochenenden oder gesetzliche Feiertage am Lieferort.<\/p>\n<\/div><\/div><\/div><\/div><\/div>","protected":false},"excerpt":{"rendered":"","protected":false},"author":1,"featured_media":0,"parent":0,"menu_order":0,"comment_status":"closed","ping_status":"closed","template":"100-width.php","meta":{"footnotes":""},"class_list":["post-4001","page","type-page","status-publish","hentry"],"yoast_head":"<!-- This site is optimized with the Yoast SEO plugin v23.9 - https:\/\/yoast.com\/wordpress\/plugins\/seo\/ -->\n<title>shipping - Pesetech smart artificial sky lights<\/title>\n<meta name=\"robots\" content=\"index, follow, max-snippet:-1, max-image-preview:large, max-video-preview:-1\" \/>\n<link rel=\"canonical\" href=\"https:\/\/www.artificialsky.tech\/de\/shipping\/\" \/>\n<meta property=\"og:locale\" content=\"de_DE\" \/>\n<meta property=\"og:type\" content=\"article\" \/>\n<meta property=\"og:title\" content=\"shipping - Pesetech smart artificial sky lights\" \/>\n<meta property=\"og:url\" content=\"https:\/\/www.artificialsky.tech\/de\/shipping\/\" \/>\n<meta property=\"og:site_name\" content=\"Pesetech smart artificial sky lights\" \/>\n<meta property=\"article:modified_time\" content=\"2023-04-16T16:20:58+00:00\" \/>\n<meta name=\"twitter:card\" content=\"summary_large_image\" \/>\n<script type=\"application\/ld+json\" class=\"yoast-schema-graph\">{\"@context\":\"https:\/\/schema.org\",\"@graph\":[{\"@type\":\"WebPage\",\"@id\":\"https:\/\/www.artificialsky.tech\/shipping\/\",\"url\":\"https:\/\/www.artificialsky.tech\/shipping\/\",\"name\":\"shipping - Pesetech smart artificial sky lights\",\"isPartOf\":{\"@id\":\"https:\/\/www.artificialsky.tech\/#website\"},\"datePublished\":\"2022-09-30T06:03:41+00:00\",\"dateModified\":\"2023-04-16T16:20:58+00:00\",\"breadcrumb\":{\"@id\":\"https:\/\/www.artificialsky.tech\/shipping\/#breadcrumb\"},\"inLanguage\":\"de\",\"potentialAction\":[{\"@type\":\"ReadAction\",\"target\":[\"https:\/\/www.artificialsky.tech\/shipping\/\"]}]},{\"@type\":\"BreadcrumbList\",\"@id\":\"https:\/\/www.artificialsky.tech\/shipping\/#breadcrumb\",\"itemListElement\":[{\"@type\":\"ListItem\",\"position\":1,\"name\":\"Home\",\"item\":\"https:\/\/www.artificialsky.tech\/\"},{\"@type\":\"ListItem\",\"position\":2,\"name\":\"shipping\"}]},{\"@type\":\"WebSite\",\"@id\":\"https:\/\/www.artificialsky.tech\/#website\",\"url\":\"https:\/\/www.artificialsky.tech\/\",\"name\":\"Pesetech smart artificial sky lights\",\"description\":\"Enjoy the clear sky anytime, anywhere\",\"publisher\":{\"@id\":\"https:\/\/www.artificialsky.tech\/#organization\"},\"potentialAction\":[{\"@type\":\"SearchAction\",\"target\":{\"@type\":\"EntryPoint\",\"urlTemplate\":\"https:\/\/www.artificialsky.tech\/?s={search_term_string}\"},\"query-input\":{\"@type\":\"PropertyValueSpecification\",\"valueRequired\":true,\"valueName\":\"search_term_string\"}}],\"inLanguage\":\"de\"},{\"@type\":\"Organization\",\"@id\":\"https:\/\/www.artificialsky.tech\/#organization\",\"name\":\"Artifical Sky\",\"url\":\"https:\/\/www.artificialsky.tech\/\",\"logo\":{\"@type\":\"ImageObject\",\"inLanguage\":\"de\",\"@id\":\"https:\/\/www.artificialsky.tech\/#\/schema\/logo\/image\/\",\"url\":\"https:\/\/www.artificialsky.tech\/wp-content\/uploads\/2022\/09\/Artificial-Sky-Logo-01.svg\",\"contentUrl\":\"https:\/\/www.artificialsky.tech\/wp-content\/uploads\/2022\/09\/Artificial-Sky-Logo-01.svg\",\"width\":1195,\"height\":363,\"caption\":\"Artifical Sky\"},\"image\":{\"@id\":\"https:\/\/www.artificialsky.tech\/#\/schema\/logo\/image\/\"}}]}<\/script>\n<!-- \/ Yoast SEO plugin. -->","yoast_head_json":{"title":"shipping - Pesetech smart artificial sky lights","robots":{"index":"index","follow":"follow","max-snippet":"max-snippet:-1","max-image-preview":"max-image-preview:large","max-video-preview":"max-video-preview:-1"},"canonical":"https:\/\/www.artificialsky.tech\/de\/shipping\/","og_locale":"de_DE","og_type":"article","og_title":"shipping - Pesetech smart artificial sky lights","og_url":"https:\/\/www.artificialsky.tech\/de\/shipping\/","og_site_name":"Pesetech smart artificial sky lights","article_modified_time":"2023-04-16T16:20:58+00:00","twitter_card":"summary_large_image","schema":{"@context":"https:\/\/schema.org","@graph":[{"@type":"WebPage","@id":"https:\/\/www.artificialsky.tech\/shipping\/","url":"https:\/\/www.artificialsky.tech\/shipping\/","name":"shipping - Pesetech smart artificial sky lights","isPartOf":{"@id":"https:\/\/www.artificialsky.tech\/#website"},"datePublished":"2022-09-30T06:03:41+00:00","dateModified":"2023-04-16T16:20:58+00:00","breadcrumb":{"@id":"https:\/\/www.artificialsky.tech\/shipping\/#breadcrumb"},"inLanguage":"de","potentialAction":[{"@type":"ReadAction","target":["https:\/\/www.artificialsky.tech\/shipping\/"]}]},{"@type":"BreadcrumbList","@id":"https:\/\/www.artificialsky.tech\/shipping\/#breadcrumb","itemListElement":[{"@type":"ListItem","position":1,"name":"Home","item":"https:\/\/www.artificialsky.tech\/"},{"@type":"ListItem","position":2,"name":"shipping"}]},{"@type":"WebSite","@id":"https:\/\/www.artificialsky.tech\/#website","url":"https:\/\/www.artificialsky.tech\/","name":"Pesetech smart artificial sky lights","description":"Enjoy the clear sky anytime, anywhere","publisher":{"@id":"https:\/\/www.artificialsky.tech\/#organization"},"potentialAction":[{"@type":"SearchAction","target":{"@type":"EntryPoint","urlTemplate":"https:\/\/www.artificialsky.tech\/?s={search_term_string}"},"query-input":{"@type":"PropertyValueSpecification","valueRequired":true,"valueName":"search_term_string"}}],"inLanguage":"de"},{"@type":"Organization","@id":"https:\/\/www.artificialsky.tech\/#organization","name":"Artifical Sky","url":"https:\/\/www.artificialsky.tech\/","logo":{"@type":"ImageObject","inLanguage":"de","@id":"https:\/\/www.artificialsky.tech\/#\/schema\/logo\/image\/","url":"https:\/\/www.artificialsky.tech\/wp-content\/uploads\/2022\/09\/Artificial-Sky-Logo-01.svg","contentUrl":"https:\/\/www.artificialsky.tech\/wp-content\/uploads\/2022\/09\/Artificial-Sky-Logo-01.svg","width":1195,"height":363,"caption":"Artifical Sky"},"image":{"@id":"https:\/\/www.artificialsky.tech\/#\/schema\/logo\/image\/"}}]}},"jetpack_sharing_enabled":true,"_links":{"self":[{"href":"https:\/\/www.artificialsky.tech\/de\/wp-json\/wp\/v2\/pages\/4001","targetHints":{"allow":["GET"]}}],"collection":[{"href":"https:\/\/www.artificialsky.tech\/de\/wp-json\/wp\/v2\/pages"}],"about":[{"href":"https:\/\/www.artificialsky.tech\/de\/wp-json\/wp\/v2\/types\/page"}],"author":[{"embeddable":true,"href":"https:\/\/www.artificialsky.tech\/de\/wp-json\/wp\/v2\/users\/1"}],"replies":[{"embeddable":true,"href":"https:\/\/www.artificialsky.tech\/de\/wp-json\/wp\/v2\/comments?post=4001"}],"version-history":[{"count":11,"href":"https:\/\/www.artificialsky.tech\/de\/wp-json\/wp\/v2\/pages\/4001\/revisions"}],"predecessor-version":[{"id":5532,"href":"https:\/\/www.artificialsky.tech\/de\/wp-json\/wp\/v2\/pages\/4001\/revisions\/5532"}],"wp:attachment":[{"href":"https:\/\/www.artificialsky.tech\/de\/wp-json\/wp\/v2\/media?parent=4001"}],"curies":[{"name":"wp","href":"https:\/\/api.w.org\/{rel}","templated":true}]}}