{"id":6043,"date":"2023-06-15T20:37:17","date_gmt":"2023-06-15T12:37:17","guid":{"rendered":"https:\/\/www.artificialsky.tech\/?post_type=product&#038;p=6043"},"modified":"2024-12-01T16:14:02","modified_gmt":"2024-12-01T08:14:02","slug":"light-cube","status":"publish","type":"product","link":"https:\/\/www.artificialsky.tech\/de\/shop\/light-cube\/","title":{"rendered":"Light Cube"},"content":{"rendered":"<div class=\"fusion-fullwidth fullwidth-box fusion-builder-row-1 fusion-flex-container has-pattern-background has-mask-background nonhundred-percent-fullwidth non-hundred-percent-height-scrolling\" style=\"--awb-border-radius-top-left:0px;--awb-border-radius-top-right:0px;--awb-border-radius-bottom-right:0px;--awb-border-radius-bottom-left:0px;--awb-padding-top:0%;--awb-padding-bottom:2%;--awb-flex-wrap:wrap;\" ><div class=\"fusion-builder-row fusion-row fusion-flex-align-items-flex-start fusion-flex-content-wrap\" style=\"max-width:1320.8px;margin-left: calc(-4% \/ 2 );margin-right: calc(-4% \/ 2 );\"><div class=\"fusion-layout-column fusion_builder_column fusion-builder-column-0 fusion_builder_column_1_1 1_1 fusion-flex-column\" style=\"--awb-bg-size:cover;--awb-width-large:100%;--awb-margin-top-large:25px;--awb-spacing-right-large:1.92%;--awb-margin-bottom-large:25px;--awb-spacing-left-large:1.92%;--awb-width-medium:100%;--awb-order-medium:0;--awb-spacing-right-medium:1.92%;--awb-spacing-left-medium:1.92%;--awb-width-small:100%;--awb-order-small:0;--awb-spacing-right-small:1.92%;--awb-spacing-left-small:1.92%;\"><div class=\"fusion-column-wrapper fusion-column-has-shadow fusion-flex-justify-content-flex-start fusion-content-layout-column\"><div class=\"fusion-video fusion-selfhosted-video fusion-no-small-visibility\" style=\"max-width:100%;\"><div class=\"video-wrapper\"><video playsinline=\"true\" width=\"100%\" style=\"object-fit: cover;\" autoplay=\"true\" muted=\"true\" loop=\"true\" preload=\"auto\" controls=\"1\"><source src=\"https:\/\/www.artificialsky.tech\/wp-content\/uploads\/2023\/06\/ae028eaa7d6d41dea44fa1c9f27ad0cb.HD-1080p-7.2Mbps-11802681.mp4\" type=\"video\/mp4\">Sorry, your browser doesn&#039;t support embedded videos.<\/video><\/div><\/div><\/div><\/div><div class=\"fusion-layout-column fusion_builder_column fusion-builder-column-1 fusion_builder_column_1_1 1_1 fusion-flex-column\" style=\"--awb-bg-size:cover;--awb-width-large:100%;--awb-margin-top-large:25px;--awb-spacing-right-large:1.92%;--awb-margin-bottom-large:25px;--awb-spacing-left-large:1.92%;--awb-width-medium:100%;--awb-order-medium:0;--awb-spacing-right-medium:1.92%;--awb-spacing-left-medium:1.92%;--awb-width-small:100%;--awb-order-small:0;--awb-spacing-right-small:1.92%;--awb-spacing-left-small:1.92%;\"><div class=\"fusion-column-wrapper fusion-column-has-shadow fusion-flex-justify-content-flex-start fusion-content-layout-column\"><div class=\"fusion-video fusion-selfhosted-video fusion-no-medium-visibility fusion-no-large-visibility\" style=\"max-width:100%;\"><div class=\"video-wrapper\"><video playsinline=\"true\" width=\"100%\" style=\"object-fit: cover;\" autoplay=\"true\" muted=\"true\" loop=\"true\" preload=\"auto\" controls=\"1\"><source src=\"https:\/\/www.artificialsky.tech\/wp-content\/uploads\/2023\/06\/463d09eebad64372bcd84809972773cc.HD-1080p-7.2Mbps-11840905.mp4\" type=\"video\/mp4\">Sorry, your browser doesn&#039;t support embedded videos.<\/video><\/div><\/div><\/div><\/div><div class=\"fusion-layout-column fusion_builder_column fusion-builder-column-2 fusion_builder_column_2_3 2_3 fusion-flex-column\" style=\"--awb-padding-right:19px;--awb-padding-left:19px;--awb-bg-size:cover;--awb-width-large:66.666666666667%;--awb-margin-top-large:25px;--awb-spacing-right-large:15.264%;--awb-margin-bottom-large:25px;--awb-spacing-left-large:3.312%;--awb-width-medium:100%;--awb-order-medium:0;--awb-spacing-right-medium:1.92%;--awb-spacing-left-medium:1.92%;--awb-width-small:100%;--awb-order-small:0;--awb-spacing-right-small:1.92%;--awb-spacing-left-small:1.92%;\"><div class=\"fusion-column-wrapper fusion-column-has-shadow fusion-flex-justify-content-flex-start fusion-content-layout-column\"><div class=\"fusion-title title fusion-title-1 fusion-sep-none fusion-title-text fusion-title-size-one\" style=\"--awb-margin-top-small:8px;--awb-margin-right-small:0px;--awb-margin-bottom-small:16px;--awb-margin-left-small:0px;\"><h1 class=\"fusion-title-heading title-heading-left fusion-responsive-typography-calculated\" style=\"margin:0;--fontSize:80;line-height:var(--awb-typography1-line-height);\"><span style=\"font-size: 48px;\">Light Cube<\/span><\/h1><\/div><div class=\"fusion-text fusion-text-1\"><p>Light Cube ist ein intelligentes Umgebungslicht mit einer Vielzahl cooler Beleuchtungsmodi, die eine angenehme und entspannende Lichtumgebung schaffen k\u00f6nnen. Es eignet sich sehr gut f\u00fcr Spielzimmer, Schlafzimmer und andere R\u00e4ume. Ideal als Geschenk f\u00fcr Erwachsene, Kinder und Spielebegeisterte.<\/p>\n<\/div><ul style=\"--awb-iconcolor:var(--awb-color8);--awb-line-height:23.8px;--awb-icon-width:23.8px;--awb-icon-height:23.8px;--awb-icon-margin:9.8px;--awb-content-margin:33.6px;\" class=\"fusion-checklist fusion-checklist-1 fusion-checklist-default fusion-checklist-divider type-icons\"><li class=\"fusion-li-item\" style=\"\"><span class=\"icon-wrapper circle-no\"><i class=\"fusion-li-icon fa-mobile-alt fas\" aria-hidden=\"true\"><\/i><\/span><div class=\"fusion-li-item-content\">\n<p>APP-Steuerung<\/p>\n<\/div><\/li><li class=\"fusion-li-item\" style=\"\"><span class=\"icon-wrapper circle-no\"><i class=\"fusion-li-icon fa-gamepad fas\" aria-hidden=\"true\"><\/i><\/span><div class=\"fusion-li-item-content\">\n<p>Fernbedienung<\/p>\n<\/div><\/li><li class=\"fusion-li-item\" style=\"\"><span class=\"icon-wrapper circle-no\"><i class=\"fusion-li-icon fa-microphone-alt fas\" aria-hidden=\"true\"><\/i><\/span><div class=\"fusion-li-item-content\">Synchronisieren Sie Licht mit der Musik<\/div><\/li><li class=\"fusion-li-item\" style=\"\"><span class=\"icon-wrapper circle-no\"><i class=\"fusion-li-icon fa-infinity fas\" aria-hidden=\"true\"><\/i><\/span><div class=\"fusion-li-item-content\">16 Millionen Farben<\/div><\/li><li class=\"fusion-li-item\" style=\"\"><span class=\"icon-wrapper circle-no\"><i class=\"fusion-li-icon icon-furniturerainbow-solid\" aria-hidden=\"true\"><\/i><\/span><div class=\"fusion-li-item-content\">100 Lighting Modes<\/div><\/li><\/ul><\/div><\/div><div class=\"fusion-layout-column fusion_builder_column fusion-builder-column-3 fusion_builder_column_1_3 1_3 fusion-flex-column\" style=\"--awb-padding-right:12px;--awb-padding-left:8px;--awb-bg-size:cover;--awb-width-large:33.333333333333%;--awb-margin-top-large:25px;--awb-spacing-right-large:5.76%;--awb-margin-bottom-large:25px;--awb-spacing-left-large:5.76%;--awb-width-medium:100%;--awb-order-medium:0;--awb-spacing-right-medium:1.92%;--awb-spacing-left-medium:1.92%;--awb-width-small:100%;--awb-order-small:0;--awb-spacing-right-small:1.92%;--awb-spacing-left-small:1.92%;\"><div class=\"fusion-column-wrapper fusion-column-has-shadow fusion-flex-justify-content-flex-start fusion-content-layout-column\"><div class=\"fusion-video fusion-selfhosted-video\" style=\"max-width:100%;\"><div class=\"video-wrapper\"><video playsinline=\"true\" width=\"100%\" style=\"object-fit: cover;\" autoplay=\"true\" muted=\"true\" loop=\"true\" preload=\"auto\" controls=\"1\"><source src=\"https:\/\/www.artificialsky.tech\/wp-content\/uploads\/2023\/11\/be09abc8d6a2b32b8017c2cd1ea580ba.mp4\" type=\"video\/mp4\">Sorry, your browser doesn&#039;t support embedded videos.<\/video><\/div><\/div><\/div><\/div><div class=\"fusion-layout-column fusion_builder_column fusion-builder-column-4 fusion_builder_column_1_3 1_3 fusion-flex-column\" style=\"--awb-padding-right:12px;--awb-padding-left:8px;--awb-bg-size:cover;--awb-width-large:33.333333333333%;--awb-margin-top-large:25px;--awb-spacing-right-large:5.76%;--awb-margin-bottom-large:25px;--awb-spacing-left-large:5.76%;--awb-width-medium:100%;--awb-order-medium:0;--awb-spacing-right-medium:1.92%;--awb-spacing-left-medium:1.92%;--awb-width-small:100%;--awb-order-small:0;--awb-spacing-right-small:1.92%;--awb-spacing-left-small:1.92%;\"><div class=\"fusion-column-wrapper fusion-column-has-shadow fusion-flex-justify-content-flex-start fusion-content-layout-column\"><div class=\"fusion-video fusion-selfhosted-video\" style=\"max-width:100%;\"><div class=\"video-wrapper\"><video playsinline=\"true\" width=\"100%\" style=\"object-fit: cover;\" autoplay=\"true\" muted=\"true\" loop=\"true\" preload=\"auto\" controls=\"1\"><source src=\"https:\/\/www.artificialsky.tech\/wp-content\/uploads\/2023\/06\/af2fa76598fc6f322768db0c072975b4.mp4\" type=\"video\/mp4\">Sorry, your browser doesn&#039;t support embedded videos.<\/video><\/div><\/div><\/div><\/div><div class=\"fusion-layout-column fusion_builder_column fusion-builder-column-5 fusion_builder_column_2_3 2_3 fusion-flex-column\" style=\"--awb-padding-right:19px;--awb-padding-left:19px;--awb-bg-size:cover;--awb-width-large:66.666666666667%;--awb-margin-top-large:25px;--awb-spacing-right-large:15.264%;--awb-margin-bottom-large:25px;--awb-spacing-left-large:3.312%;--awb-width-medium:100%;--awb-order-medium:0;--awb-spacing-right-medium:1.92%;--awb-spacing-left-medium:1.92%;--awb-width-small:100%;--awb-order-small:0;--awb-spacing-right-small:1.92%;--awb-spacing-left-small:1.92%;\"><div class=\"fusion-column-wrapper fusion-column-has-shadow fusion-flex-justify-content-flex-start fusion-content-layout-column\"><div class=\"fusion-title title fusion-title-2 fusion-sep-none fusion-title-text fusion-title-size-one\" style=\"--awb-margin-top-small:8px;--awb-margin-right-small:0px;--awb-margin-bottom-small:16px;--awb-margin-left-small:0px;\"><h1 class=\"fusion-title-heading title-heading-left fusion-responsive-typography-calculated\" style=\"margin:0;--fontSize:80;line-height:var(--awb-typography1-line-height);\"><span style=\"font-size: 48px;\">Light Cube<\/span><\/h1><\/div><div class=\"fusion-text fusion-text-2\"><p>Der Lichtw\u00fcrfel besteht aus kratzfestem Acrylspiegel. Wenn Sie auf die Innenseite des Lichtw\u00fcrfels blicken, k\u00f6nnen Sie sehen, dass dort 24 LED-Lichtfelder vorhanden sind, die unendliche Lichtreflexionen erzeugen und eine unendliche W\u00fcrfelansicht schaffen k\u00f6nnen. Stellen Sie es in das Spielzimmer, der elektronische Wettkampfraum kann eine sehr coole Umgebung schaffen.<\/p>\n<\/div><div class=\"fusion-form fusion-form-builder fusion-form-form-wrapper fusion-form-6055\" style=\"--awb-tooltip-text-color:#ffffff;--awb-tooltip-background-color:#333333;\" data-form-id=\"6055\" data-config=\"{&quot;form_id&quot;:&quot;6055&quot;,&quot;form_post_id&quot;:&quot;6055&quot;,&quot;post_id&quot;:6043,&quot;form_type&quot;:&quot;ajax&quot;,&quot;confirmation_type&quot;:&quot;message&quot;,&quot;redirect_url&quot;:&quot;&quot;,&quot;redirect_timeout&quot;:&quot;0&quot;,&quot;field_labels&quot;:[],&quot;field_logics&quot;:[],&quot;field_types&quot;:[],&quot;nonce_method&quot;:&quot;ajax&quot;,&quot;form_views&quot;:&quot;ajax&quot;,&quot;form_views_counting&quot;:&quot;all&quot;}\"><form action=\"https:\/\/www.artificialsky.tech\/de\/shop\/light-cube\/\" method=\"post\" class=\"fusion-form fusion-form-6055\" data-trp-original-action=\"https:\/\/www.artificialsky.tech\/de\/shop\/light-cube\/\"><table style=\"border-collapse: collapse; width: 100%; height: 308px;\">\r\n<tbody>\r\n<tr style=\"height: 22px;\">\r\n<td style=\"width: 25%; height: 22px;\">Product name\uff1a<\/td>\r\n<td style=\"width: 25%; height: 22px;\">Light cube<\/td>\r\n<\/tr>\r\n<tr style=\"height: 22px;\">\r\n<td style=\"width: 25%; height: 22px;\">Input Voltage(V):<\/td>\r\n<td style=\"width: 25%; height: 22px;\">100-240V<\/td>\r\n<\/tr>\r\n<tr style=\"height: 22px;\">\r\n<td style=\"width: 25%; height: 22px;\">\u00a0Power\uff1a<\/td>\r\n<td style=\"width: 25%; height: 22px;\">\u00a0Max10W<\/td>\r\n<\/tr>\r\n<tr style=\"height: 22px;\">\r\n<td style=\"width: 25%; height: 22px;\">Light Source Type\uff1a<\/td>\r\n<td style=\"width: 25%; height: 22px;\">LED<\/td>\r\n<\/tr>\r\n<tr style=\"height: 22px;\">\r\n<td style=\"width: 25%; height: 22px;\">Color\uff1a<\/td>\r\n<td style=\"width: 25%; height: 22px;\">Multicolor<\/td>\r\n<\/tr>\r\n<tr style=\"height: 22px;\">\r\n<td style=\"width: 25%; height: 22px;\">Dimensions\uff1a<\/td>\r\n<td style=\"width: 25%; height: 22px;\">20x20x20cm<\/td>\r\n<\/tr>\r\n<tr style=\"height: 22px;\">\r\n<td style=\"width: 25%; height: 22px;\">IP Rating:<\/td>\r\n<td style=\"width: 25%; height: 22px;\">20<\/td>\r\n<\/tr>\r\n<tr style=\"height: 22px;\">\r\n<td style=\"width: 25%; height: 22px;\">Dimable\uff1a<\/td>\r\n<td style=\"width: 25%; height: 22px;\">Yes<\/td>\r\n<\/tr>\r\n<tr style=\"height: 22px;\">\r\n<td style=\"width: 25%; height: 22px;\">Product weight\uff1a<\/td>\r\n<td style=\"width: 25%; height: 22px;\">0.8KG<\/td>\r\n<\/tr>\r\n<\/tbody>\r\n<\/table><input type=\"hidden\" name=\"fusion_privacy_expiration_interval\" value=\"48\"><input type=\"hidden\" name=\"privacy_expiration_action\" value=\"anonymize\"><input type=\"hidden\" name=\"trp-form-language\" value=\"de\"\/><\/form><\/div><\/div><\/div><\/div><\/div>","protected":false},"excerpt":{"rendered":"<p>Light Cube is an intelligent ambient light that creates an infinite three-dimensional space through repeated reflections on mirror surfaces. It has as many as 140 lighting scenes and can be synchronized with music to bring a spectacular and charming light show to your space.<\/p>\n<p>Size: Light cube-M 20x20x20cm<br \/>\nLight cube-L 40x40x40cm<br \/>\nVoltage: 110-240V<br \/>\nPower: Light cube-M 10Watt<br \/>\nLight cube-L 20Watt<\/p>\n[fusion_checklist icon=\"fusion-prefix-icon-furniturestar-of-life-solid\" iconcolor=\"\" circle=\"\" circlecolor=\"\" size=\"14px\" divider=\"\" divider_color=\"\" hide_on_mobile=\"small-visibility,medium-visibility,large-visibility\" class=\"\" id=\"\"]<\/p>\n<p>[fusion_checklist icon=\"fusion-prefix-icon-furniturestar-of-life-solid\" iconcolor=\"\" circle=\"\" circlecolor=\"\" size=\"14px\" divider=\"\" divider_color=\"\" hide_on_mobile=\"small-visibility,medium-visibility,large-visibility\" class=\"\" id=\"\"][fusion_li_item icon=\"\"]<span style=\"color: var(--awb-color7);\"><strong>16 Millionen Farben<\/strong><\/span>\u00a0[\/fusion_li_item][fusion_li_item icon=\"\"]<b>140 Beleuchtungsmodi<\/b> .[\/fusion_li_item][fusion_li_item icon=\"\"]<strong>Musiksynchronisierung.<\/strong> [\/fusion_li_item][\/fusion_checklist]","protected":false},"featured_media":6529,"comment_status":"closed","ping_status":"closed","template":"","meta":[],"product_brand":[],"product_cat":[101,88],"product_tag":[114],"class_list":{"0":"post-6043","1":"product","2":"type-product","3":"status-publish","4":"has-post-thumbnail","6":"product_cat-smart-home","7":"product_cat-smart-lighting","8":"product_tag-christmas","9":"product_shipping_class-freeshipping","11":"first","12":"instock","13":"sale","14":"shipping-taxable","15":"purchasable","16":"product-type-simple"},"bundled_by":[],"bundle_stock_status":"instock","bundle_stock_quantity":null,"bundle_virtual":false,"bundle_layout":"","bundle_add_to_cart_form_location":"","bundle_editable_in_cart":false,"bundle_sold_individually_context":"","bundle_item_grouping":"","bundle_min_size":"","bundle_max_size":"","bundle_price":[],"bundled_items":[],"bundle_sell_ids":[],"yoast_head":"<!-- This site is optimized with the Yoast SEO plugin v23.9 - https:\/\/yoast.com\/wordpress\/plugins\/seo\/ -->\n<title>Light Cube is the best mood light for game room, bedroom, nightclub, party lights<\/title>\n<meta name=\"description\" content=\"Elevate your space with our desktop ambiance light \u2013 a masterpiece of endless dimensions. Crafted from multiple mirrors, this cube forms an infinite 3D visual experience through continuous reflection. Redefine your environment with captivating luminance.\" \/>\n<meta name=\"robots\" content=\"index, follow, max-snippet:-1, max-image-preview:large, max-video-preview:-1\" \/>\n<link rel=\"canonical\" href=\"https:\/\/www.artificialsky.tech\/de\/shop\/light-cube\/\" \/>\n<meta property=\"og:locale\" content=\"de_DE\" \/>\n<meta property=\"og:type\" content=\"article\" \/>\n<meta property=\"og:title\" content=\"Light Cube is the best mood light for game room, bedroom, nightclub, party lights\" \/>\n<meta property=\"og:description\" content=\"Elevate your space with our desktop ambiance light \u2013 a masterpiece of endless dimensions. Crafted from multiple mirrors, this cube forms an infinite 3D visual experience through continuous reflection. Redefine your environment with captivating luminance.\" \/>\n<meta property=\"og:url\" content=\"https:\/\/www.artificialsky.tech\/de\/shop\/light-cube\/\" \/>\n<meta property=\"og:site_name\" content=\"Pesetech smart artificial sky lights\" \/>\n<meta property=\"article:modified_time\" content=\"2024-12-01T08:14:02+00:00\" \/>\n<meta property=\"og:image\" content=\"https:\/\/www.artificialsky.tech\/wp-content\/uploads\/2023\/06\/light-cube-1-1.jpg\" \/>\n\t<meta property=\"og:image:width\" content=\"1168\" \/>\n\t<meta property=\"og:image:height\" content=\"1168\" \/>\n\t<meta property=\"og:image:type\" content=\"image\/jpeg\" \/>\n<meta name=\"twitter:card\" content=\"summary_large_image\" \/>\n<meta name=\"twitter:label1\" content=\"Gesch\u00e4tzte Lesezeit\" \/>\n\t<meta name=\"twitter:data1\" content=\"1\u00a0Minute\" \/>\n<script type=\"application\/ld+json\" class=\"yoast-schema-graph\">{\"@context\":\"https:\/\/schema.org\",\"@graph\":[{\"@type\":\"WebPage\",\"@id\":\"https:\/\/www.artificialsky.tech\/shop\/light-cube\/\",\"url\":\"https:\/\/www.artificialsky.tech\/shop\/light-cube\/\",\"name\":\"Light Cube is the best mood light for game room, bedroom, nightclub, party lights\",\"isPartOf\":{\"@id\":\"https:\/\/www.artificialsky.tech\/#website\"},\"primaryImageOfPage\":{\"@id\":\"https:\/\/www.artificialsky.tech\/shop\/light-cube\/#primaryimage\"},\"image\":{\"@id\":\"https:\/\/www.artificialsky.tech\/shop\/light-cube\/#primaryimage\"},\"thumbnailUrl\":\"https:\/\/www.artificialsky.tech\/wp-content\/uploads\/2023\/06\/light-cube-1-1.jpg\",\"datePublished\":\"2023-06-15T12:37:17+00:00\",\"dateModified\":\"2024-12-01T08:14:02+00:00\",\"description\":\"Elevate your space with our desktop ambiance light \u2013 a masterpiece of endless dimensions. Crafted from multiple mirrors, this cube forms an infinite 3D visual experience through continuous reflection. Redefine your environment with captivating luminance.\",\"breadcrumb\":{\"@id\":\"https:\/\/www.artificialsky.tech\/shop\/light-cube\/#breadcrumb\"},\"inLanguage\":\"de\",\"potentialAction\":[{\"@type\":\"ReadAction\",\"target\":[\"https:\/\/www.artificialsky.tech\/shop\/light-cube\/\"]}]},{\"@type\":\"ImageObject\",\"inLanguage\":\"de\",\"@id\":\"https:\/\/www.artificialsky.tech\/shop\/light-cube\/#primaryimage\",\"url\":\"https:\/\/www.artificialsky.tech\/wp-content\/uploads\/2023\/06\/light-cube-1-1.jpg\",\"contentUrl\":\"https:\/\/www.artificialsky.tech\/wp-content\/uploads\/2023\/06\/light-cube-1-1.jpg\",\"width\":1168,\"height\":1168},{\"@type\":\"BreadcrumbList\",\"@id\":\"https:\/\/www.artificialsky.tech\/shop\/light-cube\/#breadcrumb\",\"itemListElement\":[{\"@type\":\"ListItem\",\"position\":1,\"name\":\"Home\",\"item\":\"https:\/\/www.artificialsky.tech\/\"},{\"@type\":\"ListItem\",\"position\":2,\"name\":\"Shop\",\"item\":\"https:\/\/www.artificialsky.tech\/shop\/\"},{\"@type\":\"ListItem\",\"position\":3,\"name\":\"Light Cube\"}]},{\"@type\":\"WebSite\",\"@id\":\"https:\/\/www.artificialsky.tech\/#website\",\"url\":\"https:\/\/www.artificialsky.tech\/\",\"name\":\"Pesetech smart artificial sky lights\",\"description\":\"Enjoy the clear sky anytime, anywhere\",\"publisher\":{\"@id\":\"https:\/\/www.artificialsky.tech\/#organization\"},\"potentialAction\":[{\"@type\":\"SearchAction\",\"target\":{\"@type\":\"EntryPoint\",\"urlTemplate\":\"https:\/\/www.artificialsky.tech\/?s={search_term_string}\"},\"query-input\":{\"@type\":\"PropertyValueSpecification\",\"valueRequired\":true,\"valueName\":\"search_term_string\"}}],\"inLanguage\":\"de\"},{\"@type\":\"Organization\",\"@id\":\"https:\/\/www.artificialsky.tech\/#organization\",\"name\":\"Artifical Sky\",\"url\":\"https:\/\/www.artificialsky.tech\/\",\"logo\":{\"@type\":\"ImageObject\",\"inLanguage\":\"de\",\"@id\":\"https:\/\/www.artificialsky.tech\/#\/schema\/logo\/image\/\",\"url\":\"https:\/\/www.artificialsky.tech\/wp-content\/uploads\/2022\/09\/Artificial-Sky-Logo-01.svg\",\"contentUrl\":\"https:\/\/www.artificialsky.tech\/wp-content\/uploads\/2022\/09\/Artificial-Sky-Logo-01.svg\",\"width\":1195,\"height\":363,\"caption\":\"Artifical Sky\"},\"image\":{\"@id\":\"https:\/\/www.artificialsky.tech\/#\/schema\/logo\/image\/\"}}]}<\/script>\n<!-- \/ Yoast SEO plugin. -->","yoast_head_json":{"title":"Light Cube is the best mood light for game room, bedroom, nightclub, party lights","description":"Elevate your space with our desktop ambiance light \u2013 a masterpiece of endless dimensions. Crafted from multiple mirrors, this cube forms an infinite 3D visual experience through continuous reflection. Redefine your environment with captivating luminance.","robots":{"index":"index","follow":"follow","max-snippet":"max-snippet:-1","max-image-preview":"max-image-preview:large","max-video-preview":"max-video-preview:-1"},"canonical":"https:\/\/www.artificialsky.tech\/de\/shop\/light-cube\/","og_locale":"de_DE","og_type":"article","og_title":"Light Cube is the best mood light for game room, bedroom, nightclub, party lights","og_description":"Elevate your space with our desktop ambiance light \u2013 a masterpiece of endless dimensions. Crafted from multiple mirrors, this cube forms an infinite 3D visual experience through continuous reflection. Redefine your environment with captivating luminance.","og_url":"https:\/\/www.artificialsky.tech\/de\/shop\/light-cube\/","og_site_name":"Pesetech smart artificial sky lights","article_modified_time":"2024-12-01T08:14:02+00:00","og_image":[{"width":1168,"height":1168,"url":"https:\/\/www.artificialsky.tech\/wp-content\/uploads\/2023\/06\/light-cube-1-1.jpg","type":"image\/jpeg"}],"twitter_card":"summary_large_image","twitter_misc":{"Gesch\u00e4tzte Lesezeit":"1\u00a0Minute"},"schema":{"@context":"https:\/\/schema.org","@graph":[{"@type":"WebPage","@id":"https:\/\/www.artificialsky.tech\/shop\/light-cube\/","url":"https:\/\/www.artificialsky.tech\/shop\/light-cube\/","name":"Light Cube is the best mood light for game room, bedroom, nightclub, party lights","isPartOf":{"@id":"https:\/\/www.artificialsky.tech\/#website"},"primaryImageOfPage":{"@id":"https:\/\/www.artificialsky.tech\/shop\/light-cube\/#primaryimage"},"image":{"@id":"https:\/\/www.artificialsky.tech\/shop\/light-cube\/#primaryimage"},"thumbnailUrl":"https:\/\/www.artificialsky.tech\/wp-content\/uploads\/2023\/06\/light-cube-1-1.jpg","datePublished":"2023-06-15T12:37:17+00:00","dateModified":"2024-12-01T08:14:02+00:00","description":"Elevate your space with our desktop ambiance light \u2013 a masterpiece of endless dimensions. Crafted from multiple mirrors, this cube forms an infinite 3D visual experience through continuous reflection. Redefine your environment with captivating luminance.","breadcrumb":{"@id":"https:\/\/www.artificialsky.tech\/shop\/light-cube\/#breadcrumb"},"inLanguage":"de","potentialAction":[{"@type":"ReadAction","target":["https:\/\/www.artificialsky.tech\/shop\/light-cube\/"]}]},{"@type":"ImageObject","inLanguage":"de","@id":"https:\/\/www.artificialsky.tech\/shop\/light-cube\/#primaryimage","url":"https:\/\/www.artificialsky.tech\/wp-content\/uploads\/2023\/06\/light-cube-1-1.jpg","contentUrl":"https:\/\/www.artificialsky.tech\/wp-content\/uploads\/2023\/06\/light-cube-1-1.jpg","width":1168,"height":1168},{"@type":"BreadcrumbList","@id":"https:\/\/www.artificialsky.tech\/shop\/light-cube\/#breadcrumb","itemListElement":[{"@type":"ListItem","position":1,"name":"Home","item":"https:\/\/www.artificialsky.tech\/"},{"@type":"ListItem","position":2,"name":"Shop","item":"https:\/\/www.artificialsky.tech\/shop\/"},{"@type":"ListItem","position":3,"name":"Light Cube"}]},{"@type":"WebSite","@id":"https:\/\/www.artificialsky.tech\/#website","url":"https:\/\/www.artificialsky.tech\/","name":"Pesetech smart artificial sky lights","description":"Enjoy the clear sky anytime, anywhere","publisher":{"@id":"https:\/\/www.artificialsky.tech\/#organization"},"potentialAction":[{"@type":"SearchAction","target":{"@type":"EntryPoint","urlTemplate":"https:\/\/www.artificialsky.tech\/?s={search_term_string}"},"query-input":{"@type":"PropertyValueSpecification","valueRequired":true,"valueName":"search_term_string"}}],"inLanguage":"de"},{"@type":"Organization","@id":"https:\/\/www.artificialsky.tech\/#organization","name":"Artifical Sky","url":"https:\/\/www.artificialsky.tech\/","logo":{"@type":"ImageObject","inLanguage":"de","@id":"https:\/\/www.artificialsky.tech\/#\/schema\/logo\/image\/","url":"https:\/\/www.artificialsky.tech\/wp-content\/uploads\/2022\/09\/Artificial-Sky-Logo-01.svg","contentUrl":"https:\/\/www.artificialsky.tech\/wp-content\/uploads\/2022\/09\/Artificial-Sky-Logo-01.svg","width":1195,"height":363,"caption":"Artifical Sky"},"image":{"@id":"https:\/\/www.artificialsky.tech\/#\/schema\/logo\/image\/"}}]}},"jetpack_sharing_enabled":true,"_links":{"self":[{"href":"https:\/\/www.artificialsky.tech\/de\/wp-json\/wp\/v2\/product\/6043","targetHints":{"allow":["GET"]}}],"collection":[{"href":"https:\/\/www.artificialsky.tech\/de\/wp-json\/wp\/v2\/product"}],"about":[{"href":"https:\/\/www.artificialsky.tech\/de\/wp-json\/wp\/v2\/types\/product"}],"replies":[{"embeddable":true,"href":"https:\/\/www.artificialsky.tech\/de\/wp-json\/wp\/v2\/comments?post=6043"}],"wp:featuredmedia":[{"embeddable":true,"href":"https:\/\/www.artificialsky.tech\/de\/wp-json\/wp\/v2\/media\/6529"}],"wp:attachment":[{"href":"https:\/\/www.artificialsky.tech\/de\/wp-json\/wp\/v2\/media?parent=6043"}],"wp:term":[{"taxonomy":"product_brand","embeddable":true,"href":"https:\/\/www.artificialsky.tech\/de\/wp-json\/wp\/v2\/product_brand?post=6043"},{"taxonomy":"product_cat","embeddable":true,"href":"https:\/\/www.artificialsky.tech\/de\/wp-json\/wp\/v2\/product_cat?post=6043"},{"taxonomy":"product_tag","embeddable":true,"href":"https:\/\/www.artificialsky.tech\/de\/wp-json\/wp\/v2\/product_tag?post=6043"}],"curies":[{"name":"wp","href":"https:\/\/api.w.org\/{rel}","templated":true}]}}