{"id":3258,"date":"2022-09-18T21:58:09","date_gmt":"2022-09-18T13:58:09","guid":{"rendered":"http:\/\/www.artificalsky.com\/?page_id=3258"},"modified":"2025-06-12T09:59:36","modified_gmt":"2025-06-12T01:59:36","slug":"return-and-warranty-policy","status":"publish","type":"page","link":"https:\/\/www.artificialsky.tech\/es\/return-and-warranty-policy\/","title":{"rendered":"Pol\u00edtica de devoluci\u00f3n y garant\u00eda"},"content":{"rendered":"<div class=\"fusion-fullwidth fullwidth-box fusion-builder-row-1 fusion-flex-container has-pattern-background has-mask-background nonhundred-percent-fullwidth non-hundred-percent-height-scrolling\" style=\"--awb-border-radius-top-left:0px;--awb-border-radius-top-right:0px;--awb-border-radius-bottom-right:0px;--awb-border-radius-bottom-left:0px;--awb-padding-top:0%;--awb-flex-wrap:wrap;\" ><div class=\"fusion-builder-row fusion-row fusion-flex-align-items-flex-start fusion-flex-content-wrap\" style=\"max-width:1320.8px;margin-left: calc(-4% \/ 2 );margin-right: calc(-4% \/ 2 );\"><div class=\"fusion-layout-column fusion_builder_column fusion-builder-column-0 fusion_builder_column_1_1 1_1 fusion-flex-column\" style=\"--awb-bg-size:cover;--awb-width-large:100%;--awb-margin-top-large:25px;--awb-spacing-right-large:1.92%;--awb-margin-bottom-large:25px;--awb-spacing-left-large:1.92%;--awb-width-medium:100%;--awb-order-medium:0;--awb-spacing-right-medium:1.92%;--awb-spacing-left-medium:1.92%;--awb-width-small:100%;--awb-order-small:0;--awb-spacing-right-small:1.92%;--awb-spacing-left-small:1.92%;\"><div class=\"fusion-column-wrapper fusion-column-has-shadow fusion-flex-justify-content-flex-start fusion-content-layout-column\"><div class=\"fusion-title title fusion-title-1 fusion-sep-none fusion-title-center fusion-title-text fusion-title-size-one\" style=\"--awb-margin-top-small:8px;--awb-margin-right-small:0px;--awb-margin-bottom-small:16px;--awb-margin-left-small:0px;\"><h1 class=\"fusion-title-heading title-heading-center fusion-responsive-typography-calculated\" style=\"margin:0;--fontSize:80;line-height:var(--awb-typography1-line-height);\"><header class=\"section-header\">\n<h1 class=\"section-header__title fusion-responsive-typography-calculated\" style=\"--fontsize: 80; line-height: 1.2;\" data-fontsize=\"80\" data-lineheight=\"96px\">Pol\u00edtica de devoluci\u00f3n y garant\u00eda<\/h1>\n<\/header>\n<div class=\"rte rte--nomargin\"><\/div><\/h1><\/div><div class=\"fusion-text fusion-text-1\"><p><strong><b>Pol\u00edtica de reembolso y devoluci\u00f3n<\/b><\/strong><\/p>\n<p><strong><b>Cancelaci\u00f3n<\/b><\/strong><\/p>\n<p>Aceptamos la cancelaci\u00f3n del pedido dentro de las 12 horas posteriores a la realizaci\u00f3n del pedido. Si se cancela el pedido, obtendr\u00e1 un reembolso completo en 2-3 d\u00edas.<\/p>\n<p>No podemos cancelar el pedido si el producto ya se envi\u00f3.<\/p>\n<p>Si desea cancelar el pedido, cont\u00e1ctenos por correo electr\u00f3nico: info@artificialsky.tech<b> <\/b>(attached your order number or confirmation email)<\/p>\n<p class=\"translation-block\"><strong><b>30 d\u00edas <\/b><\/strong><strong><b>Garant\u00eda de reembolso incondicional para art\u00edculos sin abrir y sin usar<\/b><\/strong><\/p>\n<p>Los productos no da\u00f1ados pueden devolverse para obtener un reembolso completo por cualquier motivo dentro de los 30 d\u00edas posteriores a la fecha de compra. Lo que es m\u00e1s importante, le reembolsaremos despu\u00e9s de que el almac\u00e9n inspeccione y confirme el paquete.<\/p>\n<ul>\n<li>Todos los productos y accesorios deben estar incluidos en el embalaje original. Se rechazar\u00e1 el art\u00edculo devuelto usado\/menos.<\/li>\n<li>Env\u00ede las im\u00e1genes del paquete de devoluci\u00f3n, el n\u00famero de seguimiento y FNSKU al correo electr\u00f3nico de soporte: info@artificialsky.tech. De lo contrario, su devoluci\u00f3n ser\u00e1 rechazada.<\/li>\n<li>Las devoluciones pueden ser rechazadas si los art\u00edculos no cumplen con los requisitos anteriores<\/li>\n<\/ul>\n<p>Direcci\u00f3n de devoluci\u00f3n (Nota Aseg\u00farese de confirmar con nosotros por correo electr\u00f3nico antes de regresar):<\/p>\n<ul>\n<li>Almac\u00e9n de EE. UU.: 12819 Telegraph Road Santa Fe Springs, CA 90670 EE. UU.<br \/>\n\uff08Currently, the USA warehouse can only accept returns of Skylight-60W\uff0cSkylight-80W\uff0cSkylight-120W and Skylight-160W\uff09.<\/li>\n<li>Canada warehouse: Under maintenance, warehouse shipment and return receipt are suspended<\/li>\n<li>EAU: Almac\u00e9n #3-USKY, Parcela 597-842, DIP2, Dub\u00e1i, EAU.<br \/>\n\uff08Currently, the UAE warehouse can only accept returns of Skylight-60W\uff0cSkylight-80W\uff0cSkylight-120W and Skylight-160W\uff09<\/li>\n<li>Germany:Tor 1,Levi-Strauss-Allee 10-12,Heusenstamm,Germany.<br \/>\n\uff08Currently, the German warehouse can only accept returns of Skylight-60W and Skylight-80W.\uff09<\/li>\n<li>KSA :coming soon<\/li>\n<\/ul>\n<p class=\"translation-block\">Si desea devolver su producto, p\u00f3ngase en contacto con nosotros a trav\u00e9s del correo electr\u00f3nico: <a href=\"mailto:info@artificialsky.tech\" target=\"_self\"><strong><u><b>info@artificialsky.tech<\/b><\/u><\/strong><\/a><b> <\/b>(adjunto el n\u00famero de pedido y el estado de los productos)<\/p>\n<p>El equipo de Servicio al cliente confirmar\u00e1 con usted el motivo de la devoluci\u00f3n y tambi\u00e9n necesitar\u00e1 que proporcione las fotos del producto y del paquete desde diferentes \u00e1ngulos.<\/p>\n<p><strong>Die E-Mail sollte Folgendes enthalten:<\/strong><\/p>\n<p>1. Su n\u00famero de orden #AS, el FNSKU del producto.<\/p>\n<p>2. Fotos que muestren claramente la apariencia de todos los lados del producto<\/p>\n<p>3. Fotos de la pantalla completa de accesorios.<\/p>\n<p>4. Fotos del embalaje original<\/p>\n<p>\u064a\u0631\u062c\u0649 \u0645\u0644\u0627\u062d\u0638\u0629 \u0623\u0646 \u0627\u0644\u0625\u0631\u062c\u0627\u0639 \u0644\u0645\u062f\u0629 30 \u064a\u0648\u0645\u064b\u0627 \u064a\u062c\u0628 \u0623\u0646 \u064a\u0641\u064a \u0628\u0627\u0644\u0645\u062a\u0637\u0644\u0628\u0627\u062a \u0627\u0644\u062a\u0627\u0644\u064a\u0629:<\/p>\n<p>* El producto y accesorios con el embalaje original.<\/p>\n<p>* El producto y los accesorios no deben tener grietas, abolladuras, rasgu\u00f1os ni ning\u00fan factor que pueda afectar la reventa.<\/p>\n<p>Una vez que hayamos recibido su devoluci\u00f3n, perm\u00edtanos hasta 10 d\u00edas h\u00e1biles para procesar su reembolso. Por parte de su banco, generalmente toma de 7 a 10 d\u00edas h\u00e1biles para que aparezca un cr\u00e9dito en el extracto de su tarjeta de cr\u00e9dito. Para pedidos en disputa, se tarda de 3 a 6 meses en resolverse.<\/p>\n<p>5 a\u00f1os de garant\u00eda<\/p>\n<p>Somos responsables de cualquier defecto de calidad y le ofrecemos 5 a\u00f1os de garant\u00eda por cualquier problema de calidad. Si el comprador ha da\u00f1ado o usado incorrectamente los art\u00edculos, no ser\u00e1n elegibles para la garant\u00eda.<\/p>\n<p>Proporcionamos reemplazo o reembolso despu\u00e9s de la confirmaci\u00f3n a trav\u00e9s de info@artificialsky.tech<\/p>\n<p>(adjunto el n\u00famero de pedido y el estado de los productos)<\/p>\n<p>Reembolsos atrasados o perdidos<\/p>\n<p>Si a\u00fan no ha recibido un reembolso, primero verifique su cuenta bancaria nuevamente. Luego, comun\u00edquese con la compa\u00f1\u00eda de su tarjeta de cr\u00e9dito, puede tomar alg\u00fan tiempo antes de que se publique oficialmente su reembolso. A menudo hay alg\u00fan tiempo de procesamiento antes de que se publique un reembolso.<\/p>\n<p>Si ha hecho lo anterior y a\u00fan no ha recibido su reembolso, cont\u00e1ctenos en <span style=\"background-color: rgba(255, 255, 255, 0); color: var(--body_typography-color); font-family: var(--body_typography-font-family); font-size: var(--body_typography-font-size); font-style: var(--body_typography-font-style,normal); font-weight: var(--body_typography-font-weight); letter-spacing: var(--body_typography-letter-spacing);\">info@artificialsky.tech<\/span><\/p>\n<p>Exclusiones<\/p>\n<p>La garant\u00eda de Pesetech no se aplica a:<\/p>\n<p>Mal utilizado\/abusado\/da\u00f1ado por accidente\/da\u00f1ado debido a actos de la naturaleza. (Por ejemplo, rayos, tornados, huracanes y dem\u00e1s)<\/p>\n<p>Modificaci\u00f3n\/reparaci\u00f3n\/desmontaje u operaci\u00f3n no autorizada que no est\u00e9 de acuerdo con las instrucciones o manuales oficiales;<\/p>\n<p>Nicht qualit\u00e4tsbezogene Probleme<\/p>\n<p>Art\u00edculos comprados a revendedores no autorizados<\/p>\n<p>Utilizado para aplicaciones especiales que no sean el uso normal del consumidor<\/p>\n<p>Producto perdido\/robado\/gratis\/reembolsado<\/p>\n<p>Cualquier defecto o da\u00f1o causado por exposici\u00f3n a calor excesivo, fr\u00edo, l\u00edquidos u otras causas externas.<\/p>\n<p>No puedo proporcionar un comprobante de compra v\u00e1lido<\/p>\n<p>Informaci\u00f3n del contacto<\/p>\n<p>info@artificialsky.tech<\/p>\n<\/div><\/div><\/div><\/div><\/div>","protected":false},"excerpt":{"rendered":"","protected":false},"author":1,"featured_media":0,"parent":0,"menu_order":0,"comment_status":"closed","ping_status":"closed","template":"100-width.php","meta":{"footnotes":""},"class_list":["post-3258","page","type-page","status-publish","hentry"],"yoast_head":"<!-- This site is optimized with the Yoast SEO plugin v23.9 - https:\/\/yoast.com\/wordpress\/plugins\/seo\/ -->\n<title>Return and Warranty Policy - Pesetech smart artificial sky lights<\/title>\n<meta name=\"robots\" content=\"index, follow, max-snippet:-1, max-image-preview:large, max-video-preview:-1\" \/>\n<link rel=\"canonical\" href=\"https:\/\/www.artificialsky.tech\/es\/return-and-warranty-policy\/\" \/>\n<meta property=\"og:locale\" content=\"es_ES\" \/>\n<meta property=\"og:type\" content=\"article\" \/>\n<meta property=\"og:title\" content=\"Return and Warranty Policy - Pesetech smart artificial sky lights\" \/>\n<meta property=\"og:url\" content=\"https:\/\/www.artificialsky.tech\/es\/return-and-warranty-policy\/\" \/>\n<meta property=\"og:site_name\" content=\"Pesetech smart artificial sky lights\" \/>\n<meta property=\"article:modified_time\" content=\"2025-06-12T01:59:36+00:00\" \/>\n<meta name=\"twitter:card\" content=\"summary_large_image\" \/>\n<meta name=\"twitter:label1\" content=\"Tiempo de lectura\" \/>\n\t<meta name=\"twitter:data1\" content=\"3 minutos\" \/>\n<script type=\"application\/ld+json\" class=\"yoast-schema-graph\">{\"@context\":\"https:\/\/schema.org\",\"@graph\":[{\"@type\":\"WebPage\",\"@id\":\"https:\/\/www.artificialsky.tech\/return-and-warranty-policy\/\",\"url\":\"https:\/\/www.artificialsky.tech\/return-and-warranty-policy\/\",\"name\":\"Return and Warranty Policy - Pesetech smart artificial sky lights\",\"isPartOf\":{\"@id\":\"https:\/\/www.artificialsky.tech\/#website\"},\"datePublished\":\"2022-09-18T13:58:09+00:00\",\"dateModified\":\"2025-06-12T01:59:36+00:00\",\"breadcrumb\":{\"@id\":\"https:\/\/www.artificialsky.tech\/return-and-warranty-policy\/#breadcrumb\"},\"inLanguage\":\"es\",\"potentialAction\":[{\"@type\":\"ReadAction\",\"target\":[\"https:\/\/www.artificialsky.tech\/return-and-warranty-policy\/\"]}]},{\"@type\":\"BreadcrumbList\",\"@id\":\"https:\/\/www.artificialsky.tech\/return-and-warranty-policy\/#breadcrumb\",\"itemListElement\":[{\"@type\":\"ListItem\",\"position\":1,\"name\":\"Home\",\"item\":\"https:\/\/www.artificialsky.tech\/\"},{\"@type\":\"ListItem\",\"position\":2,\"name\":\"Return and Warranty Policy\"}]},{\"@type\":\"WebSite\",\"@id\":\"https:\/\/www.artificialsky.tech\/#website\",\"url\":\"https:\/\/www.artificialsky.tech\/\",\"name\":\"Pesetech smart artificial sky lights\",\"description\":\"Enjoy the clear sky anytime, anywhere\",\"publisher\":{\"@id\":\"https:\/\/www.artificialsky.tech\/#organization\"},\"potentialAction\":[{\"@type\":\"SearchAction\",\"target\":{\"@type\":\"EntryPoint\",\"urlTemplate\":\"https:\/\/www.artificialsky.tech\/?s={search_term_string}\"},\"query-input\":{\"@type\":\"PropertyValueSpecification\",\"valueRequired\":true,\"valueName\":\"search_term_string\"}}],\"inLanguage\":\"es\"},{\"@type\":\"Organization\",\"@id\":\"https:\/\/www.artificialsky.tech\/#organization\",\"name\":\"Artifical Sky\",\"url\":\"https:\/\/www.artificialsky.tech\/\",\"logo\":{\"@type\":\"ImageObject\",\"inLanguage\":\"es\",\"@id\":\"https:\/\/www.artificialsky.tech\/#\/schema\/logo\/image\/\",\"url\":\"https:\/\/www.artificialsky.tech\/wp-content\/uploads\/2022\/09\/Artificial-Sky-Logo-01.svg\",\"contentUrl\":\"https:\/\/www.artificialsky.tech\/wp-content\/uploads\/2022\/09\/Artificial-Sky-Logo-01.svg\",\"width\":1195,\"height\":363,\"caption\":\"Artifical Sky\"},\"image\":{\"@id\":\"https:\/\/www.artificialsky.tech\/#\/schema\/logo\/image\/\"}}]}<\/script>\n<!-- \/ Yoast SEO plugin. -->","yoast_head_json":{"title":"Return and Warranty Policy - Pesetech smart artificial sky lights","robots":{"index":"index","follow":"follow","max-snippet":"max-snippet:-1","max-image-preview":"max-image-preview:large","max-video-preview":"max-video-preview:-1"},"canonical":"https:\/\/www.artificialsky.tech\/es\/return-and-warranty-policy\/","og_locale":"es_ES","og_type":"article","og_title":"Return and Warranty Policy - Pesetech smart artificial sky lights","og_url":"https:\/\/www.artificialsky.tech\/es\/return-and-warranty-policy\/","og_site_name":"Pesetech smart artificial sky lights","article_modified_time":"2025-06-12T01:59:36+00:00","twitter_card":"summary_large_image","twitter_misc":{"Tiempo de lectura":"3 minutos"},"schema":{"@context":"https:\/\/schema.org","@graph":[{"@type":"WebPage","@id":"https:\/\/www.artificialsky.tech\/return-and-warranty-policy\/","url":"https:\/\/www.artificialsky.tech\/return-and-warranty-policy\/","name":"Return and Warranty Policy - Pesetech smart artificial sky lights","isPartOf":{"@id":"https:\/\/www.artificialsky.tech\/#website"},"datePublished":"2022-09-18T13:58:09+00:00","dateModified":"2025-06-12T01:59:36+00:00","breadcrumb":{"@id":"https:\/\/www.artificialsky.tech\/return-and-warranty-policy\/#breadcrumb"},"inLanguage":"es","potentialAction":[{"@type":"ReadAction","target":["https:\/\/www.artificialsky.tech\/return-and-warranty-policy\/"]}]},{"@type":"BreadcrumbList","@id":"https:\/\/www.artificialsky.tech\/return-and-warranty-policy\/#breadcrumb","itemListElement":[{"@type":"ListItem","position":1,"name":"Home","item":"https:\/\/www.artificialsky.tech\/"},{"@type":"ListItem","position":2,"name":"Return and Warranty Policy"}]},{"@type":"WebSite","@id":"https:\/\/www.artificialsky.tech\/#website","url":"https:\/\/www.artificialsky.tech\/","name":"Pesetech smart artificial sky lights","description":"Enjoy the clear sky anytime, anywhere","publisher":{"@id":"https:\/\/www.artificialsky.tech\/#organization"},"potentialAction":[{"@type":"SearchAction","target":{"@type":"EntryPoint","urlTemplate":"https:\/\/www.artificialsky.tech\/?s={search_term_string}"},"query-input":{"@type":"PropertyValueSpecification","valueRequired":true,"valueName":"search_term_string"}}],"inLanguage":"es"},{"@type":"Organization","@id":"https:\/\/www.artificialsky.tech\/#organization","name":"Artifical Sky","url":"https:\/\/www.artificialsky.tech\/","logo":{"@type":"ImageObject","inLanguage":"es","@id":"https:\/\/www.artificialsky.tech\/#\/schema\/logo\/image\/","url":"https:\/\/www.artificialsky.tech\/wp-content\/uploads\/2022\/09\/Artificial-Sky-Logo-01.svg","contentUrl":"https:\/\/www.artificialsky.tech\/wp-content\/uploads\/2022\/09\/Artificial-Sky-Logo-01.svg","width":1195,"height":363,"caption":"Artifical Sky"},"image":{"@id":"https:\/\/www.artificialsky.tech\/#\/schema\/logo\/image\/"}}]}},"jetpack_sharing_enabled":true,"_links":{"self":[{"href":"https:\/\/www.artificialsky.tech\/es\/wp-json\/wp\/v2\/pages\/3258","targetHints":{"allow":["GET"]}}],"collection":[{"href":"https:\/\/www.artificialsky.tech\/es\/wp-json\/wp\/v2\/pages"}],"about":[{"href":"https:\/\/www.artificialsky.tech\/es\/wp-json\/wp\/v2\/types\/page"}],"author":[{"embeddable":true,"href":"https:\/\/www.artificialsky.tech\/es\/wp-json\/wp\/v2\/users\/1"}],"replies":[{"embeddable":true,"href":"https:\/\/www.artificialsky.tech\/es\/wp-json\/wp\/v2\/comments?post=3258"}],"version-history":[{"count":16,"href":"https:\/\/www.artificialsky.tech\/es\/wp-json\/wp\/v2\/pages\/3258\/revisions"}],"predecessor-version":[{"id":8016,"href":"https:\/\/www.artificialsky.tech\/es\/wp-json\/wp\/v2\/pages\/3258\/revisions\/8016"}],"wp:attachment":[{"href":"https:\/\/www.artificialsky.tech\/es\/wp-json\/wp\/v2\/media?parent=3258"}],"curies":[{"name":"wp","href":"https:\/\/api.w.org\/{rel}","templated":true}]}}